{"id":950,"date":"2023-09-26T20:34:58","date_gmt":"2023-09-26T20:34:58","guid":{"rendered":"https:\/\/setditsx.com.mx\/?page_id=950"},"modified":"2024-06-25T17:34:12","modified_gmt":"2024-06-25T17:34:12","slug":"convenios","status":"publish","type":"page","link":"https:\/\/setditsx.com.mx\/index.php\/convenios\/","title":{"rendered":"Convenios"},"content":{"rendered":"\n<div class=\"wp-block-media-text is-stacked-on-mobile\" style=\"grid-template-columns:25% auto\"><figure class=\"wp-block-media-text__media\"><img loading=\"lazy\" decoding=\"async\" width=\"1024\" height=\"794\" src=\"https:\/\/setditsx.com.mx\/wp-content\/uploads\/2023\/10\/artisan-1024x794.jpg\" alt=\"\" class=\"wp-image-1102 size-full\" srcset=\"https:\/\/setditsx.com.mx\/wp-content\/uploads\/2023\/10\/artisan-1024x794.jpg 1024w, https:\/\/setditsx.com.mx\/wp-content\/uploads\/2023\/10\/artisan-300x233.jpg 300w, https:\/\/setditsx.com.mx\/wp-content\/uploads\/2023\/10\/artisan-768x595.jpg 768w, https:\/\/setditsx.com.mx\/wp-content\/uploads\/2023\/10\/artisan.jpg 1440w\" sizes=\"auto, (max-width: 1024px) 100vw, 1024px\" \/><\/figure><div class=\"wp-block-media-text__content\">\n<p class=\"has-black-color has-text-color\"><strong>HOTEL : \u201cARTISAN\u201d Chachalacas Veracruz<\/strong>,<\/p>\n\n\n\n<p class=\"has-black-color has-text-color\"><strong>Descuento del 10% en reservaciones individuales<br>Descuento del 15% en reservaciones grupales (+15 habitaciones)<\/strong>.<\/p>\n\n\n\n<p><a href=\"https:\/\/www.artisanhotels.mx\/artisan-family-hotels#Habitaciones\">https:\/\/www.artisanhotels.mx\/artisan-family-hotels#Habitaciones<\/a><\/p>\n<\/div><\/div>\n\n\n\n<div class=\"wp-block-uagb-separator uagb-block-3e237316\"><div class=\"wp-block-uagb-separator__inner\" style=\"--my-background-image:\"><\/div><\/div>\n\n\n\n<div class=\"wp-block-media-text is-stacked-on-mobile\" style=\"grid-template-columns:25% auto\"><figure class=\"wp-block-media-text__media\"><img loading=\"lazy\" decoding=\"async\" width=\"206\" height=\"206\" src=\"https:\/\/setditsx.com.mx\/wp-content\/uploads\/2023\/10\/5a190587-df9f-4cb9-be18-d3ac48618fbb.png\" alt=\"\" class=\"wp-image-1104 size-full\" srcset=\"https:\/\/setditsx.com.mx\/wp-content\/uploads\/2023\/10\/5a190587-df9f-4cb9-be18-d3ac48618fbb.png 206w, https:\/\/setditsx.com.mx\/wp-content\/uploads\/2023\/10\/5a190587-df9f-4cb9-be18-d3ac48618fbb-150x150.png 150w\" sizes=\"auto, (max-width: 206px) 100vw, 206px\" \/><\/figure><div class=\"wp-block-media-text__content\">\n<p class=\"has-black-color has-text-color\"><strong>\u00d3ptica Perfect Visi\u00f3n: Carlos Ugalde:<\/strong><\/p>\n\n\n\n<p class=\"has-black-color has-text-color\">Descuentos por convenio para trabajador:<\/p>\n\n\n\n<ul class=\"has-black-color has-text-color wp-block-list\">\n<li>Se ajusta al presupuesto de la prestaci\u00f3n de $2,500.<\/li>\n\n\n\n<li>Proporciona la receta del imss<\/li>\n\n\n\n<li>Factura la entrega al momento para tramitar la prestaci\u00f3n.<\/li>\n\n\n\n<li>Para el pago de los lentes, se espera a que el ITSX, te deposite tu prestaci\u00f3n.<br>Descuento por convenio para familiares directo del trabajador:<\/li>\n\n\n\n<li>Aplica el 30% de descuento en el costo total de los lentes.<\/li>\n<\/ul>\n\n\n\n<p class=\"has-black-color has-text-color\">Direcci\u00f3n: Altamirano #18 interior 2 y 3, Xalapa, M\u00e9xico<br>Tel: 228 352 3274<br>Correo: perfect_vision29@hotmail.com<\/p>\n<\/div><\/div>\n\n\n\n<div class=\"wp-block-uagb-separator uagb-block-bcbe4f18\"><div class=\"wp-block-uagb-separator__inner\" style=\"--my-background-image:\"><\/div><\/div>\n\n\n\n<div class=\"wp-block-media-text is-stacked-on-mobile\" style=\"grid-template-columns:25% auto\"><figure class=\"wp-block-media-text__media\"><img loading=\"lazy\" decoding=\"async\" width=\"1024\" height=\"437\" src=\"https:\/\/setditsx.com.mx\/wp-content\/uploads\/2023\/10\/2049f3c6-5827-4b3b-8572-62f3c4341843-1024x437.png\" alt=\"\" class=\"wp-image-1110 size-full\" srcset=\"https:\/\/setditsx.com.mx\/wp-content\/uploads\/2023\/10\/2049f3c6-5827-4b3b-8572-62f3c4341843-1024x437.png 1024w, https:\/\/setditsx.com.mx\/wp-content\/uploads\/2023\/10\/2049f3c6-5827-4b3b-8572-62f3c4341843-300x128.png 300w, https:\/\/setditsx.com.mx\/wp-content\/uploads\/2023\/10\/2049f3c6-5827-4b3b-8572-62f3c4341843-768x328.png 768w, https:\/\/setditsx.com.mx\/wp-content\/uploads\/2023\/10\/2049f3c6-5827-4b3b-8572-62f3c4341843.png 1080w\" sizes=\"auto, (max-width: 1024px) 100vw, 1024px\" \/><\/figure><div class=\"wp-block-media-text__content\">\n<p class=\"has-black-color has-text-color\"><strong>OXYGEN FITNESS FOR LIFE<\/strong><\/p>\n\n\n\n<p class=\"has-black-color has-text-color\">Precio preferencial a los agremiados del SETDITSX (Concepto de inscripci\u00f3n y mensualidad).<br>Esta membres\u00eda tiene acceso al \u00e1rea de cardio, pesas, regaderas y clases fitness (M\u00e1s de 12 disciplinas Fitness).<\/p>\n\n\n\n<p class=\"has-black-color has-text-color\">ON BY OXYGEN (MURILLO VIDAL \u2013 PLAZA \u00c1NIMAS)<\/p>\n\n\n\n<p class=\"has-black-color has-text-color\">INSCRIPCI\u00d3N: $300.00<br>MENSUALIDAD:<br>5 a 10 personas $625.\u00ba\u00ba<br>11 a 15 personas $600.\u00ba\u00ba<br>16 o m\u00e1s personas $575.\u00ba\u00ba<\/p>\n\n\n\n<p class=\"has-black-color has-text-color\">OXYGEN FITNESS FOR LIFE PLAZA XANAT &#8211; XALAPA<\/p>\n\n\n\n<p class=\"has-black-color has-text-color\">INSCRIPCI\u00d3N: $300.00<br>MENSUALIDAD:<br>5 a 10 personas $700.\u00ba\u00ba<br>11 a 15 personas $675.\u00ba\u00ba<br>16 o m\u00e1s personas $650.\u00ba\u00ba<\/p>\n<\/div><\/div>\n\n\n\n<div class=\"wp-block-uagb-separator uagb-block-e36476b1\"><div class=\"wp-block-uagb-separator__inner\" style=\"--my-background-image:\"><\/div><\/div>\n\n\n\n<div class=\"wp-block-uagb-advanced-heading uagb-block-42b58099\"><h2 class=\"uagb-heading-text\">Pr\u00f3ximos convenios..<\/h2><\/div>\n\n\n\n<figure class=\"wp-block-gallery has-nested-images columns-default is-cropped wp-block-gallery-1 is-layout-flex wp-block-gallery-is-layout-flex\"><\/figure>\n","protected":false},"excerpt":{"rendered":"<p>HOTEL : \u201cARTISAN\u201d Chachalacas Veracruz, Descuento del 10% en reservaciones individualesDescuento del 15% en reservaciones grupales (+15 habitaciones). https:\/\/www.artisanhotels.mx\/artisan-family-hotels#Habitaciones OXYGEN FITNESS FOR LIFE Precio preferencial a los agremiados del SETDITSX (Concepto de inscripci\u00f3n y mensualidad).Esta membres\u00eda tiene acceso al \u00e1rea de cardio, pesas, regaderas y clases fitness (M\u00e1s de 12 disciplinas Fitness). ON BY OXYGEN [&hellip;]<\/p>\n","protected":false},"author":1,"featured_media":0,"parent":0,"menu_order":0,"comment_status":"closed","ping_status":"closed","template":"","meta":{"_uag_custom_page_level_css":"","site-sidebar-layout":"default","site-content-layout":"","ast-site-content-layout":"default","site-content-style":"default","site-sidebar-style":"default","ast-global-header-display":"","ast-banner-title-visibility":"","ast-main-header-display":"","ast-hfb-above-header-display":"","ast-hfb-below-header-display":"","ast-hfb-mobile-header-display":"","site-post-title":"","ast-breadcrumbs-content":"","ast-featured-img":"","footer-sml-layout":"","theme-transparent-header-meta":"","adv-header-id-meta":"","stick-header-meta":"","header-above-stick-meta":"","header-main-stick-meta":"","header-below-stick-meta":"","astra-migrate-meta-layouts":"set","ast-page-background-enabled":"default","ast-page-background-meta":{"desktop":{"background-color":"var(--ast-global-color-4)","background-image":"","background-repeat":"repeat","background-position":"center center","background-size":"auto","background-attachment":"scroll","background-type":"","background-media":"","overlay-type":"","overlay-color":"","overlay-opacity":"","overlay-gradient":""},"tablet":{"background-color":"","background-image":"","background-repeat":"repeat","background-position":"center center","background-size":"auto","background-attachment":"scroll","background-type":"","background-media":"","overlay-type":"","overlay-color":"","overlay-opacity":"","overlay-gradient":""},"mobile":{"background-color":"","background-image":"","background-repeat":"repeat","background-position":"center center","background-size":"auto","background-attachment":"scroll","background-type":"","background-media":"","overlay-type":"","overlay-color":"","overlay-opacity":"","overlay-gradient":""}},"ast-content-background-meta":{"desktop":{"background-color":"var(--ast-global-color-5)","background-image":"","background-repeat":"repeat","background-position":"center center","background-size":"auto","background-attachment":"scroll","background-type":"","background-media":"","overlay-type":"","overlay-color":"","overlay-opacity":"","overlay-gradient":""},"tablet":{"background-color":"var(--ast-global-color-5)","background-image":"","background-repeat":"repeat","background-position":"center center","background-size":"auto","background-attachment":"scroll","background-type":"","background-media":"","overlay-type":"","overlay-color":"","overlay-opacity":"","overlay-gradient":""},"mobile":{"background-color":"var(--ast-global-color-5)","background-image":"","background-repeat":"repeat","background-position":"center center","background-size":"auto","background-attachment":"scroll","background-type":"","background-media":"","overlay-type":"","overlay-color":"","overlay-opacity":"","overlay-gradient":""}},"footnotes":""},"class_list":["post-950","page","type-page","status-publish","hentry"],"yoast_head":"<!-- This site is optimized with the Yoast SEO plugin v25.9 - https:\/\/yoast.com\/wordpress\/plugins\/seo\/ -->\n<title>Convenios<\/title>\n<meta name=\"robots\" content=\"index, follow, max-snippet:-1, max-image-preview:large, max-video-preview:-1\" \/>\n<link rel=\"canonical\" href=\"https:\/\/setditsx.com.mx\/index.php\/convenios\/\" \/>\n<meta property=\"og:locale\" content=\"es_ES\" \/>\n<meta property=\"og:type\" content=\"article\" \/>\n<meta property=\"og:title\" content=\"Convenios\" \/>\n<meta property=\"og:description\" content=\"HOTEL : \u201cARTISAN\u201d Chachalacas Veracruz, Descuento del 10% en reservaciones individualesDescuento del 15% en reservaciones grupales (+15 habitaciones). https:\/\/www.artisanhotels.mx\/artisan-family-hotels#Habitaciones OXYGEN FITNESS FOR LIFE Precio preferencial a los agremiados del SETDITSX (Concepto de inscripci\u00f3n y mensualidad).Esta membres\u00eda tiene acceso al \u00e1rea de cardio, pesas, regaderas y clases fitness (M\u00e1s de 12 disciplinas Fitness). ON BY OXYGEN [&hellip;]\" \/>\n<meta property=\"og:url\" content=\"https:\/\/setditsx.com.mx\/index.php\/convenios\/\" \/>\n<meta property=\"og:site_name\" content=\"SETDITSX\" \/>\n<meta property=\"article:publisher\" content=\"https:\/\/www.facebook.com\/setditsx\" \/>\n<meta property=\"article:modified_time\" content=\"2024-06-25T17:34:12+00:00\" \/>\n<meta property=\"og:image\" content=\"https:\/\/setditsx.com.mx\/wp-content\/uploads\/2023\/10\/artisan-1024x794.jpg\" \/>\n<meta name=\"twitter:card\" content=\"summary_large_image\" \/>\n<meta name=\"twitter:label1\" content=\"Tiempo de lectura\" \/>\n\t<meta name=\"twitter:data1\" content=\"2 minutos\" \/>\n<script type=\"application\/ld+json\" class=\"yoast-schema-graph\">{\"@context\":\"https:\/\/schema.org\",\"@graph\":[{\"@type\":\"WebPage\",\"@id\":\"https:\/\/setditsx.com.mx\/index.php\/convenios\/\",\"url\":\"https:\/\/setditsx.com.mx\/index.php\/convenios\/\",\"name\":\"Convenios\",\"isPartOf\":{\"@id\":\"https:\/\/setditsx.com.mx\/#website\"},\"primaryImageOfPage\":{\"@id\":\"https:\/\/setditsx.com.mx\/index.php\/convenios\/#primaryimage\"},\"image\":{\"@id\":\"https:\/\/setditsx.com.mx\/index.php\/convenios\/#primaryimage\"},\"thumbnailUrl\":\"https:\/\/setditsx.com.mx\/wp-content\/uploads\/2023\/10\/artisan-1024x794.jpg\",\"datePublished\":\"2023-09-26T20:34:58+00:00\",\"dateModified\":\"2024-06-25T17:34:12+00:00\",\"breadcrumb\":{\"@id\":\"https:\/\/setditsx.com.mx\/index.php\/convenios\/#breadcrumb\"},\"inLanguage\":\"es\",\"potentialAction\":[{\"@type\":\"ReadAction\",\"target\":[\"https:\/\/setditsx.com.mx\/index.php\/convenios\/\"]}]},{\"@type\":\"ImageObject\",\"inLanguage\":\"es\",\"@id\":\"https:\/\/setditsx.com.mx\/index.php\/convenios\/#primaryimage\",\"url\":\"https:\/\/setditsx.com.mx\/wp-content\/uploads\/2023\/10\/artisan.jpg\",\"contentUrl\":\"https:\/\/setditsx.com.mx\/wp-content\/uploads\/2023\/10\/artisan.jpg\",\"width\":1440,\"height\":1116},{\"@type\":\"BreadcrumbList\",\"@id\":\"https:\/\/setditsx.com.mx\/index.php\/convenios\/#breadcrumb\",\"itemListElement\":[{\"@type\":\"ListItem\",\"position\":1,\"name\":\"Portada\",\"item\":\"https:\/\/setditsx.com.mx\/\"},{\"@type\":\"ListItem\",\"position\":2,\"name\":\"Convenios\"}]},{\"@type\":\"WebSite\",\"@id\":\"https:\/\/setditsx.com.mx\/#website\",\"url\":\"https:\/\/setditsx.com.mx\/\",\"name\":\"SETDITSX\",\"description\":\"\",\"publisher\":{\"@id\":\"https:\/\/setditsx.com.mx\/#organization\"},\"potentialAction\":[{\"@type\":\"SearchAction\",\"target\":{\"@type\":\"EntryPoint\",\"urlTemplate\":\"https:\/\/setditsx.com.mx\/?s={search_term_string}\"},\"query-input\":{\"@type\":\"PropertyValueSpecification\",\"valueRequired\":true,\"valueName\":\"search_term_string\"}}],\"inLanguage\":\"es\"},{\"@type\":\"Organization\",\"@id\":\"https:\/\/setditsx.com.mx\/#organization\",\"name\":\"SETDITSX\",\"url\":\"https:\/\/setditsx.com.mx\/\",\"logo\":{\"@type\":\"ImageObject\",\"inLanguage\":\"es\",\"@id\":\"https:\/\/setditsx.com.mx\/#\/schema\/logo\/image\/\",\"url\":\"https:\/\/setditsx.com.mx\/wp-content\/uploads\/2023\/09\/1.png\",\"contentUrl\":\"https:\/\/setditsx.com.mx\/wp-content\/uploads\/2023\/09\/1.png\",\"width\":500,\"height\":200,\"caption\":\"SETDITSX\"},\"image\":{\"@id\":\"https:\/\/setditsx.com.mx\/#\/schema\/logo\/image\/\"},\"sameAs\":[\"https:\/\/www.facebook.com\/setditsx\",\"https:\/\/www.instagram.com\/setditsx\/\"]}]}<\/script>\n<!-- \/ Yoast SEO plugin. -->","yoast_head_json":{"title":"Convenios","robots":{"index":"index","follow":"follow","max-snippet":"max-snippet:-1","max-image-preview":"max-image-preview:large","max-video-preview":"max-video-preview:-1"},"canonical":"https:\/\/setditsx.com.mx\/index.php\/convenios\/","og_locale":"es_ES","og_type":"article","og_title":"Convenios","og_description":"HOTEL : \u201cARTISAN\u201d Chachalacas Veracruz, Descuento del 10% en reservaciones individualesDescuento del 15% en reservaciones grupales (+15 habitaciones). https:\/\/www.artisanhotels.mx\/artisan-family-hotels#Habitaciones OXYGEN FITNESS FOR LIFE Precio preferencial a los agremiados del SETDITSX (Concepto de inscripci\u00f3n y mensualidad).Esta membres\u00eda tiene acceso al \u00e1rea de cardio, pesas, regaderas y clases fitness (M\u00e1s de 12 disciplinas Fitness). ON BY OXYGEN [&hellip;]","og_url":"https:\/\/setditsx.com.mx\/index.php\/convenios\/","og_site_name":"SETDITSX","article_publisher":"https:\/\/www.facebook.com\/setditsx","article_modified_time":"2024-06-25T17:34:12+00:00","og_image":[{"url":"https:\/\/setditsx.com.mx\/wp-content\/uploads\/2023\/10\/artisan-1024x794.jpg","type":"","width":"","height":""}],"twitter_card":"summary_large_image","twitter_misc":{"Tiempo de lectura":"2 minutos"},"schema":{"@context":"https:\/\/schema.org","@graph":[{"@type":"WebPage","@id":"https:\/\/setditsx.com.mx\/index.php\/convenios\/","url":"https:\/\/setditsx.com.mx\/index.php\/convenios\/","name":"Convenios","isPartOf":{"@id":"https:\/\/setditsx.com.mx\/#website"},"primaryImageOfPage":{"@id":"https:\/\/setditsx.com.mx\/index.php\/convenios\/#primaryimage"},"image":{"@id":"https:\/\/setditsx.com.mx\/index.php\/convenios\/#primaryimage"},"thumbnailUrl":"https:\/\/setditsx.com.mx\/wp-content\/uploads\/2023\/10\/artisan-1024x794.jpg","datePublished":"2023-09-26T20:34:58+00:00","dateModified":"2024-06-25T17:34:12+00:00","breadcrumb":{"@id":"https:\/\/setditsx.com.mx\/index.php\/convenios\/#breadcrumb"},"inLanguage":"es","potentialAction":[{"@type":"ReadAction","target":["https:\/\/setditsx.com.mx\/index.php\/convenios\/"]}]},{"@type":"ImageObject","inLanguage":"es","@id":"https:\/\/setditsx.com.mx\/index.php\/convenios\/#primaryimage","url":"https:\/\/setditsx.com.mx\/wp-content\/uploads\/2023\/10\/artisan.jpg","contentUrl":"https:\/\/setditsx.com.mx\/wp-content\/uploads\/2023\/10\/artisan.jpg","width":1440,"height":1116},{"@type":"BreadcrumbList","@id":"https:\/\/setditsx.com.mx\/index.php\/convenios\/#breadcrumb","itemListElement":[{"@type":"ListItem","position":1,"name":"Portada","item":"https:\/\/setditsx.com.mx\/"},{"@type":"ListItem","position":2,"name":"Convenios"}]},{"@type":"WebSite","@id":"https:\/\/setditsx.com.mx\/#website","url":"https:\/\/setditsx.com.mx\/","name":"SETDITSX","description":"","publisher":{"@id":"https:\/\/setditsx.com.mx\/#organization"},"potentialAction":[{"@type":"SearchAction","target":{"@type":"EntryPoint","urlTemplate":"https:\/\/setditsx.com.mx\/?s={search_term_string}"},"query-input":{"@type":"PropertyValueSpecification","valueRequired":true,"valueName":"search_term_string"}}],"inLanguage":"es"},{"@type":"Organization","@id":"https:\/\/setditsx.com.mx\/#organization","name":"SETDITSX","url":"https:\/\/setditsx.com.mx\/","logo":{"@type":"ImageObject","inLanguage":"es","@id":"https:\/\/setditsx.com.mx\/#\/schema\/logo\/image\/","url":"https:\/\/setditsx.com.mx\/wp-content\/uploads\/2023\/09\/1.png","contentUrl":"https:\/\/setditsx.com.mx\/wp-content\/uploads\/2023\/09\/1.png","width":500,"height":200,"caption":"SETDITSX"},"image":{"@id":"https:\/\/setditsx.com.mx\/#\/schema\/logo\/image\/"},"sameAs":["https:\/\/www.facebook.com\/setditsx","https:\/\/www.instagram.com\/setditsx\/"]}]}},"uagb_featured_image_src":{"full":false,"thumbnail":false,"medium":false,"medium_large":false,"large":false,"1536x1536":false,"2048x2048":false},"uagb_author_info":{"display_name":"admin","author_link":"https:\/\/setditsx.com.mx\/index.php\/author\/felipe\/"},"uagb_comment_info":0,"uagb_excerpt":"HOTEL : \u201cARTISAN\u201d Chachalacas Veracruz, Descuento del 10% en reservaciones individualesDescuento del 15% en reservaciones grupales (+15 habitaciones). https:\/\/www.artisanhotels.mx\/artisan-family-hotels#Habitaciones OXYGEN FITNESS FOR LIFE Precio preferencial a los agremiados del SETDITSX (Concepto de inscripci\u00f3n y mensualidad).Esta membres\u00eda tiene acceso al \u00e1rea de cardio, pesas, regaderas y clases fitness (M\u00e1s de 12 disciplinas Fitness). ON BY OXYGEN&hellip;","_links":{"self":[{"href":"https:\/\/setditsx.com.mx\/index.php\/wp-json\/wp\/v2\/pages\/950","targetHints":{"allow":["GET"]}}],"collection":[{"href":"https:\/\/setditsx.com.mx\/index.php\/wp-json\/wp\/v2\/pages"}],"about":[{"href":"https:\/\/setditsx.com.mx\/index.php\/wp-json\/wp\/v2\/types\/page"}],"author":[{"embeddable":true,"href":"https:\/\/setditsx.com.mx\/index.php\/wp-json\/wp\/v2\/users\/1"}],"replies":[{"embeddable":true,"href":"https:\/\/setditsx.com.mx\/index.php\/wp-json\/wp\/v2\/comments?post=950"}],"version-history":[{"count":16,"href":"https:\/\/setditsx.com.mx\/index.php\/wp-json\/wp\/v2\/pages\/950\/revisions"}],"predecessor-version":[{"id":1250,"href":"https:\/\/setditsx.com.mx\/index.php\/wp-json\/wp\/v2\/pages\/950\/revisions\/1250"}],"wp:attachment":[{"href":"https:\/\/setditsx.com.mx\/index.php\/wp-json\/wp\/v2\/media?parent=950"}],"curies":[{"name":"wp","href":"https:\/\/api.w.org\/{rel}","templated":true}]}}