{"id":936,"date":"2023-09-26T18:45:00","date_gmt":"2023-09-26T18:45:00","guid":{"rendered":"https:\/\/setditsx.com.mx\/?page_id=936"},"modified":"2024-06-27T17:18:48","modified_gmt":"2024-06-27T17:18:48","slug":"directorio","status":"publish","type":"page","link":"https:\/\/setditsx.com.mx\/index.php\/directorio\/","title":{"rendered":"Directorio"},"content":{"rendered":"\n<div class=\"wp-block-uagb-advanced-heading uagb-block-1a1380f8\"><h2 class=\"uagb-heading-text\"><strong>Directorio de Secretar\u00edas<\/strong><\/h2><\/div>\n\n\n\n<div class=\"wp-block-uagb-separator uagb-block-90b56086\"><div class=\"wp-block-uagb-separator__inner\" style=\"--my-background-image:\"><\/div><\/div>\n\n\n\n<div class=\"wp-block-uagb-info-box uagb-block-d3767f39 uagb-infobox__content-wrap  uagb-infobox-icon-above-title uagb-infobox-image-valign-top\"><div class=\"uagb-ifb-content\"><div class=\"uagb-ifb-title-wrap\"><h3 class=\"uagb-ifb-title\"><strong>Secretario General<br><\/strong>Dr. Rafael Arcos Morales<\/h3><\/div><p class=\"uagb-ifb-desc\">Contacto:<img decoding=\"async\" src=\"data:image\/png;base64,iVBORw0KGgoAAAANSUhEUgAAABgAAAAYCAYAAADgdz34AAAAAXNSR0IArs4c6QAAASNJREFUSEvt1UErBWEUxvHf3bOglJSdUnwJS1lLFlKKIgtlbXnLTlmIopQsJGtZ+hKUtZJSLNjT0YymMXPnXtNsbs7yzDnPc87\/fXunpeFoNayvvwzm0cZkTWwP2MFV6GQR3WGqpnjafo\/pvMFn8vUQG380yvZ+D5\/dIDWI3CxOMdql0TNWcIOsTqHBID4whCMsVJhcYh1vGMB7Ul+6wSOWcZsULuIAwzmjV2ziIsnP4AzjVQapzgm2k4kCVSALdBGBIpAEmth4D6u5AUo3yNY9YQ3XSTJQRAS6iDkcY6wAY1cGad85thBYIgLXPpY6nE9PBqHzksEQ+EYqDr9ngy5v7E\/Zv0ElsV+IGn\/s4rnexUTlbJ0LSp\/rmrrF7f31y2wE0RedUDYZOIKA5gAAAABJRU5ErkJggg==\"> rafael.am@setditsx.com.mx<br>         <img decoding=\"async\" src=\"data:image\/png;base64,iVBORw0KGgoAAAANSUhEUgAAABgAAAAYCAYAAADgdz34AAAAAXNSR0IArs4c6QAAAXpJREFUSEvF1DFIVXEUx\/HP28SgQHTQwS0SQQcRB7fAjBCXJjfBRdGo0UB0SRKHxmqUlgLbGgJxUsTFQRAcosXA1cUQRBLlL\/fBvz\/v6rv3KR64y\/\/e8\/3d3\/mfcyruOCp3zHcvAkH0LR7jDf424jJ18BCreJ5Bt\/EUZ2VFUoE99CSwH3iJ8zIiqcBFDmQFE7chcILmHNAc3hcVSR3sozsH8hMjjQp8w1gNyC8M4bBRgSl8TiC7eIajovDwfVqiTvxJQF0IDkpFrUkObTka0RbwrhS9hoPA6cdOBDzNzkIDxNGOD1jDl7wfyNtFHzEdJR1gGL+zszZsIpQvxCLma4nkCTRhAwNRUpiRJXzPnt4E+Amv8N+wXrdNW7GFJwXq\/xXj+FfNuWldP8r+NrRpvRGczNQrUG3l19mayFsjsfhytu6vzm5yECeGi51FGMYHOXbW8SLevEUEqswWTGIQfejIXoRhDE1xHIuXEaj3LgqXqBC4yCWXAleTLgETkTUZXHhRFwAAAABJRU5ErkJggg==\">228 4-68-28-48 Ext. 101<br><a href=\"https:\/\/drive.google.com\/file\/d\/13hfkAVJokYwF2ia24V6r650XV216yXJz\/view\" target=\"_blank\" rel=\"noreferrer noopener\">Curriculum<\/a><\/p><\/div><\/div>\n\n\n\n<div class=\"wp-block-uagb-separator uagb-block-15fa5e70\"><div class=\"wp-block-uagb-separator__inner\" style=\"--my-background-image:\"><\/div><\/div>\n\n\n\n<div class=\"wp-block-uagb-info-box uagb-block-c728bffe uagb-infobox__content-wrap  uagb-infobox-icon-above-title uagb-infobox-image-valign-top\"><div class=\"uagb-ifb-content\"><div class=\"uagb-ifb-title-wrap\"><h3 class=\"uagb-ifb-title\"><strong>Secretaria de Conflictos<br><\/strong>Dra. Ang\u00e9lica Yolanda Contreras Solis<\/h3><\/div><p class=\"uagb-ifb-desc\">Contacto:<img decoding=\"async\" src=\"data:image\/png;base64,iVBORw0KGgoAAAANSUhEUgAAABgAAAAYCAYAAADgdz34AAAAAXNSR0IArs4c6QAAASNJREFUSEvt1UErBWEUxvHf3bOglJSdUnwJS1lLFlKKIgtlbXnLTlmIopQsJGtZ+hKUtZJSLNjT0YymMXPnXtNsbs7yzDnPc87\/fXunpeFoNayvvwzm0cZkTWwP2MFV6GQR3WGqpnjafo\/pvMFn8vUQG380yvZ+D5\/dIDWI3CxOMdql0TNWcIOsTqHBID4whCMsVJhcYh1vGMB7Ul+6wSOWcZsULuIAwzmjV2ziIsnP4AzjVQapzgm2k4kCVSALdBGBIpAEmth4D6u5AUo3yNY9YQ3XSTJQRAS6iDkcY6wAY1cGad85thBYIgLXPpY6nE9PBqHzksEQ+EYqDr9ngy5v7E\/Zv0ElsV+IGn\/s4rnexUTlbJ0LSp\/rmrrF7f31y2wE0RedUDYZOIKA5gAAAABJRU5ErkJggg==\"> yolanda.cs@setditsx.com.mx<br>         <img decoding=\"async\" src=\"data:image\/png;base64,iVBORw0KGgoAAAANSUhEUgAAABgAAAAYCAYAAADgdz34AAAAAXNSR0IArs4c6QAAAXpJREFUSEvF1DFIVXEUx\/HP28SgQHTQwS0SQQcRB7fAjBCXJjfBRdGo0UB0SRKHxmqUlgLbGgJxUsTFQRAcosXA1cUQRBLlL\/fBvz\/v6rv3KR64y\/\/e8\/3d3\/mfcyruOCp3zHcvAkH0LR7jDf424jJ18BCreJ5Bt\/EUZ2VFUoE99CSwH3iJ8zIiqcBFDmQFE7chcILmHNAc3hcVSR3sozsH8hMjjQp8w1gNyC8M4bBRgSl8TiC7eIajovDwfVqiTvxJQF0IDkpFrUkObTka0RbwrhS9hoPA6cdOBDzNzkIDxNGOD1jDl7wfyNtFHzEdJR1gGL+zszZsIpQvxCLma4nkCTRhAwNRUpiRJXzPnt4E+Amv8N+wXrdNW7GFJwXq\/xXj+FfNuWldP8r+NrRpvRGczNQrUG3l19mayFsjsfhytu6vzm5yECeGi51FGMYHOXbW8SLevEUEqswWTGIQfejIXoRhDE1xHIuXEaj3LgqXqBC4yCWXAleTLgETkTUZXHhRFwAAAABJRU5ErkJggg==\">228 4-68-28-48 Ext. 102<br><a href=\"https:\/\/drive.google.com\/file\/d\/1a3PgSTjaadO5c2YALGUoFiD_zKhxjBQY\/view\" target=\"_blank\" rel=\"noreferrer noopener\">Curriculum<\/a><\/p><\/div><\/div>\n\n\n\n<div class=\"wp-block-uagb-separator uagb-block-a707217d\"><div class=\"wp-block-uagb-separator__inner\" style=\"--my-background-image:\"><\/div><\/div>\n\n\n\n<div class=\"wp-block-uagb-info-box uagb-block-689a9b7b uagb-infobox__content-wrap  uagb-infobox-icon-above-title uagb-infobox-image-valign-top\"><div class=\"uagb-ifb-content\"><div class=\"uagb-ifb-title-wrap\"><h3 class=\"uagb-ifb-title\">Secretario de Organizaci\u00f3n<br>Dr. Edgar Gustavo Ortiz L\u00f3pez<\/h3><\/div><p class=\"uagb-ifb-desc\">Contacto:<img decoding=\"async\" src=\"data:image\/png;base64,iVBORw0KGgoAAAANSUhEUgAAABgAAAAYCAYAAADgdz34AAAAAXNSR0IArs4c6QAAASNJREFUSEvt1UErBWEUxvHf3bOglJSdUnwJS1lLFlKKIgtlbXnLTlmIopQsJGtZ+hKUtZJSLNjT0YymMXPnXtNsbs7yzDnPc87\/fXunpeFoNayvvwzm0cZkTWwP2MFV6GQR3WGqpnjafo\/pvMFn8vUQG380yvZ+D5\/dIDWI3CxOMdql0TNWcIOsTqHBID4whCMsVJhcYh1vGMB7Ul+6wSOWcZsULuIAwzmjV2ziIsnP4AzjVQapzgm2k4kCVSALdBGBIpAEmth4D6u5AUo3yNY9YQ3XSTJQRAS6iDkcY6wAY1cGad85thBYIgLXPpY6nE9PBqHzksEQ+EYqDr9ngy5v7E\/Zv0ElsV+IGn\/s4rnexUTlbJ0LSp\/rmrrF7f31y2wE0RedUDYZOIKA5gAAAABJRU5ErkJggg==\"> edgar.ol@setditsx.com.mx<br>         <img decoding=\"async\" src=\"data:image\/png;base64,iVBORw0KGgoAAAANSUhEUgAAABgAAAAYCAYAAADgdz34AAAAAXNSR0IArs4c6QAAAXpJREFUSEvF1DFIVXEUx\/HP28SgQHTQwS0SQQcRB7fAjBCXJjfBRdGo0UB0SRKHxmqUlgLbGgJxUsTFQRAcosXA1cUQRBLlL\/fBvz\/v6rv3KR64y\/\/e8\/3d3\/mfcyruOCp3zHcvAkH0LR7jDf424jJ18BCreJ5Bt\/EUZ2VFUoE99CSwH3iJ8zIiqcBFDmQFE7chcILmHNAc3hcVSR3sozsH8hMjjQp8w1gNyC8M4bBRgSl8TiC7eIajovDwfVqiTvxJQF0IDkpFrUkObTka0RbwrhS9hoPA6cdOBDzNzkIDxNGOD1jDl7wfyNtFHzEdJR1gGL+zszZsIpQvxCLma4nkCTRhAwNRUpiRJXzPnt4E+Amv8N+wXrdNW7GFJwXq\/xXj+FfNuWldP8r+NrRpvRGczNQrUG3l19mayFsjsfhytu6vzm5yECeGi51FGMYHOXbW8SLevEUEqswWTGIQfejIXoRhDE1xHIuXEaj3LgqXqBC4yCWXAleTLgETkTUZXHhRFwAAAABJRU5ErkJggg==\">228 4-68-28-48 Ext. 103<br><a href=\"https:\/\/drive.google.com\/file\/d\/1pz1G5YNuM4WZ5O97SljdVYchPBfv0WDd\/view\" target=\"_blank\" rel=\"noreferrer noopener\">Curriculum<\/a><\/p><\/div><\/div>\n\n\n\n<div class=\"wp-block-uagb-separator uagb-block-b6d4c1fd\"><div class=\"wp-block-uagb-separator__inner\" style=\"--my-background-image:\"><\/div><\/div>\n\n\n\n<div class=\"wp-block-uagb-info-box uagb-block-0c9db0f5 uagb-infobox__content-wrap  uagb-infobox-icon-above-title uagb-infobox-image-valign-top\"><div class=\"uagb-ifb-content\"><div class=\"uagb-ifb-title-wrap\"><h3 class=\"uagb-ifb-title\">Secretaria de Actas y Acuerdos<br>Ing. Rosa Guadalupe Pesta\u00f1a Falc\u00f3n<\/h3><\/div><p class=\"uagb-ifb-desc\">Contacto:<img decoding=\"async\" src=\"data:image\/png;base64,iVBORw0KGgoAAAANSUhEUgAAABgAAAAYCAYAAADgdz34AAAAAXNSR0IArs4c6QAAASNJREFUSEvt1UErBWEUxvHf3bOglJSdUnwJS1lLFlKKIgtlbXnLTlmIopQsJGtZ+hKUtZJSLNjT0YymMXPnXtNsbs7yzDnPc87\/fXunpeFoNayvvwzm0cZkTWwP2MFV6GQR3WGqpnjafo\/pvMFn8vUQG380yvZ+D5\/dIDWI3CxOMdql0TNWcIOsTqHBID4whCMsVJhcYh1vGMB7Ul+6wSOWcZsULuIAwzmjV2ziIsnP4AzjVQapzgm2k4kCVSALdBGBIpAEmth4D6u5AUo3yNY9YQ3XSTJQRAS6iDkcY6wAY1cGad85thBYIgLXPpY6nE9PBqHzksEQ+EYqDr9ngy5v7E\/Zv0ElsV+IGn\/s4rnexUTlbJ0LSp\/rmrrF7f31y2wE0RedUDYZOIKA5gAAAABJRU5ErkJggg==\"> rosa.pf@setditsx.com.mx<br>         <img decoding=\"async\" src=\"data:image\/png;base64,iVBORw0KGgoAAAANSUhEUgAAABgAAAAYCAYAAADgdz34AAAAAXNSR0IArs4c6QAAAXpJREFUSEvF1DFIVXEUx\/HP28SgQHTQwS0SQQcRB7fAjBCXJjfBRdGo0UB0SRKHxmqUlgLbGgJxUsTFQRAcosXA1cUQRBLlL\/fBvz\/v6rv3KR64y\/\/e8\/3d3\/mfcyruOCp3zHcvAkH0LR7jDf424jJ18BCreJ5Bt\/EUZ2VFUoE99CSwH3iJ8zIiqcBFDmQFE7chcILmHNAc3hcVSR3sozsH8hMjjQp8w1gNyC8M4bBRgSl8TiC7eIajovDwfVqiTvxJQF0IDkpFrUkObTka0RbwrhS9hoPA6cdOBDzNzkIDxNGOD1jDl7wfyNtFHzEdJR1gGL+zszZsIpQvxCLma4nkCTRhAwNRUpiRJXzPnt4E+Amv8N+wXrdNW7GFJwXq\/xXj+FfNuWldP8r+NrRpvRGczNQrUG3l19mayFsjsfhytu6vzm5yECeGi51FGMYHOXbW8SLevEUEqswWTGIQfejIXoRhDE1xHIuXEaj3LgqXqBC4yCWXAleTLgETkTUZXHhRFwAAAABJRU5ErkJggg==\">228 4-68-28-48 Ext. 104<br><a href=\"https:\/\/drive.google.com\/file\/d\/1uID3JBKX4PsycNu-tCjYvwzWh_as7iF8\/view\" target=\"_blank\" rel=\"noreferrer noopener\">Curriculum<\/a><\/p><\/div><\/div>\n\n\n\n<div class=\"wp-block-uagb-separator uagb-block-4b3ee0d8\"><div class=\"wp-block-uagb-separator__inner\" style=\"--my-background-image:\"><\/div><\/div>\n\n\n\n<div class=\"wp-block-uagb-info-box uagb-block-2f6f5c6d uagb-infobox__content-wrap  uagb-infobox-icon-above-title uagb-infobox-image-valign-top\"><div class=\"uagb-ifb-content\"><div class=\"uagb-ifb-title-wrap\"><h3 class=\"uagb-ifb-title\">Secretaria de Finanzas<br>Mtra. Paulina Vel\u00e1squez Dom\u00ednguez<\/h3><\/div><p class=\"uagb-ifb-desc\">Contacto:<img decoding=\"async\" src=\"data:image\/png;base64,iVBORw0KGgoAAAANSUhEUgAAABgAAAAYCAYAAADgdz34AAAAAXNSR0IArs4c6QAAASNJREFUSEvt1UErBWEUxvHf3bOglJSdUnwJS1lLFlKKIgtlbXnLTlmIopQsJGtZ+hKUtZJSLNjT0YymMXPnXtNsbs7yzDnPc87\/fXunpeFoNayvvwzm0cZkTWwP2MFV6GQR3WGqpnjafo\/pvMFn8vUQG380yvZ+D5\/dIDWI3CxOMdql0TNWcIOsTqHBID4whCMsVJhcYh1vGMB7Ul+6wSOWcZsULuIAwzmjV2ziIsnP4AzjVQapzgm2k4kCVSALdBGBIpAEmth4D6u5AUo3yNY9YQ3XSTJQRAS6iDkcY6wAY1cGad85thBYIgLXPpY6nE9PBqHzksEQ+EYqDr9ngy5v7E\/Zv0ElsV+IGn\/s4rnexUTlbJ0LSp\/rmrrF7f31y2wE0RedUDYZOIKA5gAAAABJRU5ErkJggg==\"> paulina.vd@setditsx.com.mx<br>         <img decoding=\"async\" src=\"data:image\/png;base64,iVBORw0KGgoAAAANSUhEUgAAABgAAAAYCAYAAADgdz34AAAAAXNSR0IArs4c6QAAAXpJREFUSEvF1DFIVXEUx\/HP28SgQHTQwS0SQQcRB7fAjBCXJjfBRdGo0UB0SRKHxmqUlgLbGgJxUsTFQRAcosXA1cUQRBLlL\/fBvz\/v6rv3KR64y\/\/e8\/3d3\/mfcyruOCp3zHcvAkH0LR7jDf424jJ18BCreJ5Bt\/EUZ2VFUoE99CSwH3iJ8zIiqcBFDmQFE7chcILmHNAc3hcVSR3sozsH8hMjjQp8w1gNyC8M4bBRgSl8TiC7eIajovDwfVqiTvxJQF0IDkpFrUkObTka0RbwrhS9hoPA6cdOBDzNzkIDxNGOD1jDl7wfyNtFHzEdJR1gGL+zszZsIpQvxCLma4nkCTRhAwNRUpiRJXzPnt4E+Amv8N+wXrdNW7GFJwXq\/xXj+FfNuWldP8r+NrRpvRGczNQrUG3l19mayFsjsfhytu6vzm5yECeGi51FGMYHOXbW8SLevEUEqswWTGIQfejIXoRhDE1xHIuXEaj3LgqXqBC4yCWXAleTLgETkTUZXHhRFwAAAABJRU5ErkJggg==\">228 4-68-28-48 Ext. 105<br><a href=\"https:\/\/drive.google.com\/file\/d\/1Gc3wO7n6w80upTGFGbzHU7ayjqJ-SU56\/view\" target=\"_blank\" rel=\"noreferrer noopener\">Curriculum<\/a><\/p><\/div><\/div>\n\n\n\n<div class=\"wp-block-uagb-separator uagb-block-58c33ae7\"><div class=\"wp-block-uagb-separator__inner\" style=\"--my-background-image:\"><\/div><\/div>\n\n\n\n<div class=\"wp-block-uagb-info-box uagb-block-53eeeba0 uagb-infobox__content-wrap  uagb-infobox-icon-above-title uagb-infobox-image-valign-top\"><div class=\"uagb-ifb-content\"><div class=\"uagb-ifb-title-wrap\"><h3 class=\"uagb-ifb-title\">Secretario de Acci\u00f3n Social<br>Mtro. Felipe Mart\u00edn S\u00e1nchez Cort\u00e9s<\/h3><\/div><p class=\"uagb-ifb-desc\">Contacto:<img decoding=\"async\" src=\"data:image\/png;base64,iVBORw0KGgoAAAANSUhEUgAAABgAAAAYCAYAAADgdz34AAAAAXNSR0IArs4c6QAAASNJREFUSEvt1UErBWEUxvHf3bOglJSdUnwJS1lLFlKKIgtlbXnLTlmIopQsJGtZ+hKUtZJSLNjT0YymMXPnXtNsbs7yzDnPc87\/fXunpeFoNayvvwzm0cZkTWwP2MFV6GQR3WGqpnjafo\/pvMFn8vUQG380yvZ+D5\/dIDWI3CxOMdql0TNWcIOsTqHBID4whCMsVJhcYh1vGMB7Ul+6wSOWcZsULuIAwzmjV2ziIsnP4AzjVQapzgm2k4kCVSALdBGBIpAEmth4D6u5AUo3yNY9YQ3XSTJQRAS6iDkcY6wAY1cGad85thBYIgLXPpY6nE9PBqHzksEQ+EYqDr9ngy5v7E\/Zv0ElsV+IGn\/s4rnexUTlbJ0LSp\/rmrrF7f31y2wE0RedUDYZOIKA5gAAAABJRU5ErkJggg==\"> felipe.sc@setditsx.com.mx<br>         <img decoding=\"async\" src=\"data:image\/png;base64,iVBORw0KGgoAAAANSUhEUgAAABgAAAAYCAYAAADgdz34AAAAAXNSR0IArs4c6QAAAXpJREFUSEvF1DFIVXEUx\/HP28SgQHTQwS0SQQcRB7fAjBCXJjfBRdGo0UB0SRKHxmqUlgLbGgJxUsTFQRAcosXA1cUQRBLlL\/fBvz\/v6rv3KR64y\/\/e8\/3d3\/mfcyruOCp3zHcvAkH0LR7jDf424jJ18BCreJ5Bt\/EUZ2VFUoE99CSwH3iJ8zIiqcBFDmQFE7chcILmHNAc3hcVSR3sozsH8hMjjQp8w1gNyC8M4bBRgSl8TiC7eIajovDwfVqiTvxJQF0IDkpFrUkObTka0RbwrhS9hoPA6cdOBDzNzkIDxNGOD1jDl7wfyNtFHzEdJR1gGL+zszZsIpQvxCLma4nkCTRhAwNRUpiRJXzPnt4E+Amv8N+wXrdNW7GFJwXq\/xXj+FfNuWldP8r+NrRpvRGczNQrUG3l19mayFsjsfhytu6vzm5yECeGi51FGMYHOXbW8SLevEUEqswWTGIQfejIXoRhDE1xHIuXEaj3LgqXqBC4yCWXAleTLgETkTUZXHhRFwAAAABJRU5ErkJggg==\">228 4-68-28-48 Ext. 106<br><a href=\"https:\/\/drive.google.com\/file\/d\/1z6d8ryFmNU7Y7_rtaZn6DPmp3MFzCA-s\/view\" target=\"_blank\" rel=\"noreferrer noopener\">Curriculum<\/a><\/p><\/div><\/div>\n\n\n\n<div class=\"wp-block-uagb-separator uagb-block-f53f4baa\"><div class=\"wp-block-uagb-separator__inner\" style=\"--my-background-image:\"><\/div><\/div>\n\n\n\n<div class=\"wp-block-uagb-info-box uagb-block-347ee113 uagb-infobox__content-wrap  uagb-infobox-icon-above-title uagb-infobox-image-valign-top\"><div class=\"uagb-ifb-content\"><div class=\"uagb-ifb-title-wrap\"><h3 class=\"uagb-ifb-title\">Secretaria de Acci\u00f3n Pol\u00edtica<br>Mtra. Mar\u00eda Teresa Dom\u00ednguez L\u00f3pez<\/h3><\/div><p class=\"uagb-ifb-desc\">Contacto:<img decoding=\"async\" src=\"data:image\/png;base64,iVBORw0KGgoAAAANSUhEUgAAABgAAAAYCAYAAADgdz34AAAAAXNSR0IArs4c6QAAASNJREFUSEvt1UErBWEUxvHf3bOglJSdUnwJS1lLFlKKIgtlbXnLTlmIopQsJGtZ+hKUtZJSLNjT0YymMXPnXtNsbs7yzDnPc87\/fXunpeFoNayvvwzm0cZkTWwP2MFV6GQR3WGqpnjafo\/pvMFn8vUQG380yvZ+D5\/dIDWI3CxOMdql0TNWcIOsTqHBID4whCMsVJhcYh1vGMB7Ul+6wSOWcZsULuIAwzmjV2ziIsnP4AzjVQapzgm2k4kCVSALdBGBIpAEmth4D6u5AUo3yNY9YQ3XSTJQRAS6iDkcY6wAY1cGad85thBYIgLXPpY6nE9PBqHzksEQ+EYqDr9ngy5v7E\/Zv0ElsV+IGn\/s4rnexUTlbJ0LSp\/rmrrF7f31y2wE0RedUDYZOIKA5gAAAABJRU5ErkJggg==\"> teresa.dl@setditsx.com.mx<br>         <img decoding=\"async\" src=\"data:image\/png;base64,iVBORw0KGgoAAAANSUhEUgAAABgAAAAYCAYAAADgdz34AAAAAXNSR0IArs4c6QAAAXpJREFUSEvF1DFIVXEUx\/HP28SgQHTQwS0SQQcRB7fAjBCXJjfBRdGo0UB0SRKHxmqUlgLbGgJxUsTFQRAcosXA1cUQRBLlL\/fBvz\/v6rv3KR64y\/\/e8\/3d3\/mfcyruOCp3zHcvAkH0LR7jDf424jJ18BCreJ5Bt\/EUZ2VFUoE99CSwH3iJ8zIiqcBFDmQFE7chcILmHNAc3hcVSR3sozsH8hMjjQp8w1gNyC8M4bBRgSl8TiC7eIajovDwfVqiTvxJQF0IDkpFrUkObTka0RbwrhS9hoPA6cdOBDzNzkIDxNGOD1jDl7wfyNtFHzEdJR1gGL+zszZsIpQvxCLma4nkCTRhAwNRUpiRJXzPnt4E+Amv8N+wXrdNW7GFJwXq\/xXj+FfNuWldP8r+NrRpvRGczNQrUG3l19mayFsjsfhytu6vzm5yECeGi51FGMYHOXbW8SLevEUEqswWTGIQfejIXoRhDE1xHIuXEaj3LgqXqBC4yCWXAleTLgETkTUZXHhRFwAAAABJRU5ErkJggg==\">228 4-68-28-48 Ext. 107<br><a href=\"https:\/\/drive.google.com\/file\/d\/1ZPRN7Jd9dZSJxKVmBLC2IdHdbUWW5Poo\/view\" target=\"_blank\" rel=\"noreferrer noopener\">Curriculum<\/a><\/p><\/div><\/div>\n\n\n\n<div class=\"wp-block-uagb-separator uagb-block-54c45aa8\"><div class=\"wp-block-uagb-separator__inner\" style=\"--my-background-image:\"><\/div><\/div>\n\n\n\n<div class=\"wp-block-uagb-info-box uagb-block-21625df7 uagb-infobox__content-wrap  uagb-infobox-icon-above-title uagb-infobox-image-valign-top\"><div class=\"uagb-ifb-content\"><div class=\"uagb-ifb-title-wrap\"><h3 class=\"uagb-ifb-title\">Secretario Previsi\u00f3n Social<br>Mtro. Clodoaldo Ba\u00e9z Herrera<\/h3><\/div><p class=\"uagb-ifb-desc\">Contacto:<img decoding=\"async\" src=\"data:image\/png;base64,iVBORw0KGgoAAAANSUhEUgAAABgAAAAYCAYAAADgdz34AAAAAXNSR0IArs4c6QAAASNJREFUSEvt1UErBWEUxvHf3bOglJSdUnwJS1lLFlKKIgtlbXnLTlmIopQsJGtZ+hKUtZJSLNjT0YymMXPnXtNsbs7yzDnPc87\/fXunpeFoNayvvwzm0cZkTWwP2MFV6GQR3WGqpnjafo\/pvMFn8vUQG380yvZ+D5\/dIDWI3CxOMdql0TNWcIOsTqHBID4whCMsVJhcYh1vGMB7Ul+6wSOWcZsULuIAwzmjV2ziIsnP4AzjVQapzgm2k4kCVSALdBGBIpAEmth4D6u5AUo3yNY9YQ3XSTJQRAS6iDkcY6wAY1cGad85thBYIgLXPpY6nE9PBqHzksEQ+EYqDr9ngy5v7E\/Zv0ElsV+IGn\/s4rnexUTlbJ0LSp\/rmrrF7f31y2wE0RedUDYZOIKA5gAAAABJRU5ErkJggg==\"> clodoaldo.bh@setditsx.com.mx<br>         <img decoding=\"async\" src=\"data:image\/png;base64,iVBORw0KGgoAAAANSUhEUgAAABgAAAAYCAYAAADgdz34AAAAAXNSR0IArs4c6QAAAXpJREFUSEvF1DFIVXEUx\/HP28SgQHTQwS0SQQcRB7fAjBCXJjfBRdGo0UB0SRKHxmqUlgLbGgJxUsTFQRAcosXA1cUQRBLlL\/fBvz\/v6rv3KR64y\/\/e8\/3d3\/mfcyruOCp3zHcvAkH0LR7jDf424jJ18BCreJ5Bt\/EUZ2VFUoE99CSwH3iJ8zIiqcBFDmQFE7chcILmHNAc3hcVSR3sozsH8hMjjQp8w1gNyC8M4bBRgSl8TiC7eIajovDwfVqiTvxJQF0IDkpFrUkObTka0RbwrhS9hoPA6cdOBDzNzkIDxNGOD1jDl7wfyNtFHzEdJR1gGL+zszZsIpQvxCLma4nkCTRhAwNRUpiRJXzPnt4E+Amv8N+wXrdNW7GFJwXq\/xXj+FfNuWldP8r+NrRpvRGczNQrUG3l19mayFsjsfhytu6vzm5yECeGi51FGMYHOXbW8SLevEUEqswWTGIQfejIXoRhDE1xHIuXEaj3LgqXqBC4yCWXAleTLgETkTUZXHhRFwAAAABJRU5ErkJggg==\">228 4-68-28-48 Ext. 108<br><a href=\"https:\/\/drive.google.com\/file\/d\/170Rzbl6R5iu1sjtoblKOndzgQUO06RKh\/view\" target=\"_blank\" rel=\"noreferrer noopener\">Curriculum<\/a><\/p><\/div><\/div>\n\n\n\n<div class=\"wp-block-uagb-separator uagb-block-1588a60b\"><div class=\"wp-block-uagb-separator__inner\" style=\"--my-background-image:\"><\/div><\/div>\n","protected":false},"excerpt":{"rendered":"<p>Directorio de Secretar\u00edas<\/p>\n","protected":false},"author":1,"featured_media":0,"parent":0,"menu_order":0,"comment_status":"closed","ping_status":"closed","template":"","meta":{"_uag_custom_page_level_css":"","site-sidebar-layout":"default","site-content-layout":"","ast-site-content-layout":"default","site-content-style":"default","site-sidebar-style":"default","ast-global-header-display":"","ast-banner-title-visibility":"","ast-main-header-display":"","ast-hfb-above-header-display":"","ast-hfb-below-header-display":"","ast-hfb-mobile-header-display":"","site-post-title":"disabled","ast-breadcrumbs-content":"","ast-featured-img":"","footer-sml-layout":"","theme-transparent-header-meta":"","adv-header-id-meta":"","stick-header-meta":"","header-above-stick-meta":"","header-main-stick-meta":"","header-below-stick-meta":"","astra-migrate-meta-layouts":"set","ast-page-background-enabled":"default","ast-page-background-meta":{"desktop":{"background-color":"var(--ast-global-color-4)","background-image":"","background-repeat":"repeat","background-position":"center center","background-size":"auto","background-attachment":"scroll","background-type":"","background-media":"","overlay-type":"","overlay-color":"","overlay-opacity":"","overlay-gradient":""},"tablet":{"background-color":"","background-image":"","background-repeat":"repeat","background-position":"center center","background-size":"auto","background-attachment":"scroll","background-type":"","background-media":"","overlay-type":"","overlay-color":"","overlay-opacity":"","overlay-gradient":""},"mobile":{"background-color":"","background-image":"","background-repeat":"repeat","background-position":"center center","background-size":"auto","background-attachment":"scroll","background-type":"","background-media":"","overlay-type":"","overlay-color":"","overlay-opacity":"","overlay-gradient":""}},"ast-content-background-meta":{"desktop":{"background-color":"var(--ast-global-color-5)","background-image":"","background-repeat":"repeat","background-position":"center center","background-size":"auto","background-attachment":"scroll","background-type":"","background-media":"","overlay-type":"","overlay-color":"","overlay-opacity":"","overlay-gradient":""},"tablet":{"background-color":"var(--ast-global-color-5)","background-image":"","background-repeat":"repeat","background-position":"center center","background-size":"auto","background-attachment":"scroll","background-type":"","background-media":"","overlay-type":"","overlay-color":"","overlay-opacity":"","overlay-gradient":""},"mobile":{"background-color":"var(--ast-global-color-5)","background-image":"","background-repeat":"repeat","background-position":"center center","background-size":"auto","background-attachment":"scroll","background-type":"","background-media":"","overlay-type":"","overlay-color":"","overlay-opacity":"","overlay-gradient":""}},"footnotes":""},"class_list":["post-936","page","type-page","status-publish","hentry"],"yoast_head":"<!-- This site is optimized with the Yoast SEO plugin v25.9 - https:\/\/yoast.com\/wordpress\/plugins\/seo\/ -->\n<title>Directorio<\/title>\n<meta name=\"robots\" content=\"index, follow, max-snippet:-1, max-image-preview:large, max-video-preview:-1\" \/>\n<link rel=\"canonical\" href=\"https:\/\/setditsx.com.mx\/index.php\/directorio\/\" \/>\n<meta property=\"og:locale\" content=\"es_ES\" \/>\n<meta property=\"og:type\" content=\"article\" \/>\n<meta property=\"og:title\" content=\"Directorio\" \/>\n<meta property=\"og:description\" content=\"Directorio de Secretar\u00edas\" \/>\n<meta property=\"og:url\" content=\"https:\/\/setditsx.com.mx\/index.php\/directorio\/\" \/>\n<meta property=\"og:site_name\" content=\"SETDITSX\" \/>\n<meta property=\"article:publisher\" content=\"https:\/\/www.facebook.com\/setditsx\" \/>\n<meta property=\"article:modified_time\" content=\"2024-06-27T17:18:48+00:00\" \/>\n<meta name=\"twitter:card\" content=\"summary_large_image\" \/>\n<meta name=\"twitter:label1\" content=\"Tiempo de lectura\" \/>\n\t<meta name=\"twitter:data1\" content=\"4 minutos\" \/>\n<script type=\"application\/ld+json\" class=\"yoast-schema-graph\">{\"@context\":\"https:\/\/schema.org\",\"@graph\":[{\"@type\":\"WebPage\",\"@id\":\"https:\/\/setditsx.com.mx\/index.php\/directorio\/\",\"url\":\"https:\/\/setditsx.com.mx\/index.php\/directorio\/\",\"name\":\"Directorio\",\"isPartOf\":{\"@id\":\"https:\/\/setditsx.com.mx\/#website\"},\"datePublished\":\"2023-09-26T18:45:00+00:00\",\"dateModified\":\"2024-06-27T17:18:48+00:00\",\"breadcrumb\":{\"@id\":\"https:\/\/setditsx.com.mx\/index.php\/directorio\/#breadcrumb\"},\"inLanguage\":\"es\",\"potentialAction\":[{\"@type\":\"ReadAction\",\"target\":[\"https:\/\/setditsx.com.mx\/index.php\/directorio\/\"]}]},{\"@type\":\"BreadcrumbList\",\"@id\":\"https:\/\/setditsx.com.mx\/index.php\/directorio\/#breadcrumb\",\"itemListElement\":[{\"@type\":\"ListItem\",\"position\":1,\"name\":\"Portada\",\"item\":\"https:\/\/setditsx.com.mx\/\"},{\"@type\":\"ListItem\",\"position\":2,\"name\":\"Directorio\"}]},{\"@type\":\"WebSite\",\"@id\":\"https:\/\/setditsx.com.mx\/#website\",\"url\":\"https:\/\/setditsx.com.mx\/\",\"name\":\"SETDITSX\",\"description\":\"\",\"publisher\":{\"@id\":\"https:\/\/setditsx.com.mx\/#organization\"},\"potentialAction\":[{\"@type\":\"SearchAction\",\"target\":{\"@type\":\"EntryPoint\",\"urlTemplate\":\"https:\/\/setditsx.com.mx\/?s={search_term_string}\"},\"query-input\":{\"@type\":\"PropertyValueSpecification\",\"valueRequired\":true,\"valueName\":\"search_term_string\"}}],\"inLanguage\":\"es\"},{\"@type\":\"Organization\",\"@id\":\"https:\/\/setditsx.com.mx\/#organization\",\"name\":\"SETDITSX\",\"url\":\"https:\/\/setditsx.com.mx\/\",\"logo\":{\"@type\":\"ImageObject\",\"inLanguage\":\"es\",\"@id\":\"https:\/\/setditsx.com.mx\/#\/schema\/logo\/image\/\",\"url\":\"https:\/\/setditsx.com.mx\/wp-content\/uploads\/2023\/09\/1.png\",\"contentUrl\":\"https:\/\/setditsx.com.mx\/wp-content\/uploads\/2023\/09\/1.png\",\"width\":500,\"height\":200,\"caption\":\"SETDITSX\"},\"image\":{\"@id\":\"https:\/\/setditsx.com.mx\/#\/schema\/logo\/image\/\"},\"sameAs\":[\"https:\/\/www.facebook.com\/setditsx\",\"https:\/\/www.instagram.com\/setditsx\/\"]}]}<\/script>\n<!-- \/ Yoast SEO plugin. -->","yoast_head_json":{"title":"Directorio","robots":{"index":"index","follow":"follow","max-snippet":"max-snippet:-1","max-image-preview":"max-image-preview:large","max-video-preview":"max-video-preview:-1"},"canonical":"https:\/\/setditsx.com.mx\/index.php\/directorio\/","og_locale":"es_ES","og_type":"article","og_title":"Directorio","og_description":"Directorio de Secretar\u00edas","og_url":"https:\/\/setditsx.com.mx\/index.php\/directorio\/","og_site_name":"SETDITSX","article_publisher":"https:\/\/www.facebook.com\/setditsx","article_modified_time":"2024-06-27T17:18:48+00:00","twitter_card":"summary_large_image","twitter_misc":{"Tiempo de lectura":"4 minutos"},"schema":{"@context":"https:\/\/schema.org","@graph":[{"@type":"WebPage","@id":"https:\/\/setditsx.com.mx\/index.php\/directorio\/","url":"https:\/\/setditsx.com.mx\/index.php\/directorio\/","name":"Directorio","isPartOf":{"@id":"https:\/\/setditsx.com.mx\/#website"},"datePublished":"2023-09-26T18:45:00+00:00","dateModified":"2024-06-27T17:18:48+00:00","breadcrumb":{"@id":"https:\/\/setditsx.com.mx\/index.php\/directorio\/#breadcrumb"},"inLanguage":"es","potentialAction":[{"@type":"ReadAction","target":["https:\/\/setditsx.com.mx\/index.php\/directorio\/"]}]},{"@type":"BreadcrumbList","@id":"https:\/\/setditsx.com.mx\/index.php\/directorio\/#breadcrumb","itemListElement":[{"@type":"ListItem","position":1,"name":"Portada","item":"https:\/\/setditsx.com.mx\/"},{"@type":"ListItem","position":2,"name":"Directorio"}]},{"@type":"WebSite","@id":"https:\/\/setditsx.com.mx\/#website","url":"https:\/\/setditsx.com.mx\/","name":"SETDITSX","description":"","publisher":{"@id":"https:\/\/setditsx.com.mx\/#organization"},"potentialAction":[{"@type":"SearchAction","target":{"@type":"EntryPoint","urlTemplate":"https:\/\/setditsx.com.mx\/?s={search_term_string}"},"query-input":{"@type":"PropertyValueSpecification","valueRequired":true,"valueName":"search_term_string"}}],"inLanguage":"es"},{"@type":"Organization","@id":"https:\/\/setditsx.com.mx\/#organization","name":"SETDITSX","url":"https:\/\/setditsx.com.mx\/","logo":{"@type":"ImageObject","inLanguage":"es","@id":"https:\/\/setditsx.com.mx\/#\/schema\/logo\/image\/","url":"https:\/\/setditsx.com.mx\/wp-content\/uploads\/2023\/09\/1.png","contentUrl":"https:\/\/setditsx.com.mx\/wp-content\/uploads\/2023\/09\/1.png","width":500,"height":200,"caption":"SETDITSX"},"image":{"@id":"https:\/\/setditsx.com.mx\/#\/schema\/logo\/image\/"},"sameAs":["https:\/\/www.facebook.com\/setditsx","https:\/\/www.instagram.com\/setditsx\/"]}]}},"uagb_featured_image_src":{"full":false,"thumbnail":false,"medium":false,"medium_large":false,"large":false,"1536x1536":false,"2048x2048":false},"uagb_author_info":{"display_name":"admin","author_link":"https:\/\/setditsx.com.mx\/index.php\/author\/felipe\/"},"uagb_comment_info":0,"uagb_excerpt":"Directorio de Secretar\u00edas","_links":{"self":[{"href":"https:\/\/setditsx.com.mx\/index.php\/wp-json\/wp\/v2\/pages\/936","targetHints":{"allow":["GET"]}}],"collection":[{"href":"https:\/\/setditsx.com.mx\/index.php\/wp-json\/wp\/v2\/pages"}],"about":[{"href":"https:\/\/setditsx.com.mx\/index.php\/wp-json\/wp\/v2\/types\/page"}],"author":[{"embeddable":true,"href":"https:\/\/setditsx.com.mx\/index.php\/wp-json\/wp\/v2\/users\/1"}],"replies":[{"embeddable":true,"href":"https:\/\/setditsx.com.mx\/index.php\/wp-json\/wp\/v2\/comments?post=936"}],"version-history":[{"count":23,"href":"https:\/\/setditsx.com.mx\/index.php\/wp-json\/wp\/v2\/pages\/936\/revisions"}],"predecessor-version":[{"id":1271,"href":"https:\/\/setditsx.com.mx\/index.php\/wp-json\/wp\/v2\/pages\/936\/revisions\/1271"}],"wp:attachment":[{"href":"https:\/\/setditsx.com.mx\/index.php\/wp-json\/wp\/v2\/media?parent=936"}],"curies":[{"name":"wp","href":"https:\/\/api.w.org\/{rel}","templated":true}]}}