{"id":932,"date":"2023-09-26T18:17:06","date_gmt":"2023-09-26T18:17:06","guid":{"rendered":"https:\/\/setditsx.com.mx\/?page_id=932"},"modified":"2023-10-09T02:57:09","modified_gmt":"2023-10-09T02:57:09","slug":"quienes-somos","status":"publish","type":"page","link":"https:\/\/setditsx.com.mx\/index.php\/quienes-somos\/","title":{"rendered":"Qui\u00e9nes Somos"},"content":{"rendered":"\n<div class=\"wp-block-uagb-advanced-heading uagb-block-45350f8b\"><h2 class=\"uagb-heading-text\"><strong>HISTORIA<\/strong><\/h2><\/div>\n\n\n\n<div class=\"wp-block-uagb-container uagb-block-ecd2db45 alignfull uagb-is-root-container\"><div class=\"uagb-container-inner-blocks-wrap\">\n<p class=\"has-text-align-center has-black-color has-text-color has-medium-font-size\">El Instituto tecnol\u00f3gico Superior de Xalapa (ITSX) abri\u00f3 sus puertas el 03 de noviembre de 1998.<\/p>\n\n\n\n<p class=\"has-text-align-center has-black-color has-text-color has-medium-font-size\">El 17 octubre de 2003 se cre\u00f3 El <em>Sindicato de Empleados, Trabajadores y Docentes del Instituto Tecnol\u00f3gico Superior de Xalapa<\/em> (<strong>SETDITSX<\/strong>), antes de eso, los docentes y trabajadores del instituto (IT) obten\u00edan trabajo por medio de contratos por tiempo determinado.<\/p>\n\n\n\n<p class=\"has-text-align-center has-black-color has-text-color has-medium-font-size\">El SETDITSX se constituy\u00f3 por la necesidad de que los trabajadores y docentes del instituto tuvieran una estabilidad y seguridad laboral que procurara el bien com\u00fan de los agremiados a trav\u00e9s de un contrato colectivo de trabajo vigente con el objetivo de defender los derechos laborales, sociales, econ\u00f3micos y profesionales de cada uno de los integrantes del sindicato, as\u00ed tambi\u00e9n, pugnar por el fortalecimiento del Sistema Educativo Tecnol\u00f3gico Nacional.<\/p>\n<\/div><\/div>\n\n\n\n<div class=\"wp-block-uagb-separator uagb-block-3883203d\"><div class=\"wp-block-uagb-separator__inner\" style=\"--my-background-image:\"><\/div><\/div>\n\n\n\n<div class=\"wp-block-uagb-advanced-heading uagb-block-615d15d9\"><h2 class=\"uagb-heading-text\"><strong>MISI\u00d3N<\/strong><\/h2><\/div>\n\n\n\n<p><\/p>\n\n\n\n<p class=\"has-text-align-center has-black-color has-text-color has-medium-font-size\">Mantener y gestionar las mejores condiciones laborales para los trabajadores adheridos al SETDITSX, abogando por su amparo, intereses, derechos y seguridad laboral.<\/p>\n\n\n\n<div class=\"wp-block-uagb-separator uagb-block-a701e8fa\"><div class=\"wp-block-uagb-separator__inner\" style=\"--my-background-image:\"><\/div><\/div>\n\n\n\n<p><\/p>\n\n\n\n<div class=\"wp-block-uagb-advanced-heading uagb-block-61c045dc\"><h2 class=\"uagb-heading-text\"><strong>VISI\u00d3N<\/strong><\/h2><\/div>\n\n\n\n<p><\/p>\n\n\n\n<p class=\"has-text-align-center has-black-color has-text-color has-medium-font-size\">Ser un sindicato vanguardista con capacidad de convocatoria que busquen las mejores estrategias en la defensa de los derechos de sus trabajadores y el desarrollo integral de los mismos, as\u00ed como obtener logros sociales y pol\u00edticos mediante el trabajo en equipo.<\/p>\n\n\n\n<div class=\"wp-block-uagb-separator uagb-block-0a5d135c\"><div class=\"wp-block-uagb-separator__inner\" style=\"--my-background-image:\"><\/div><\/div>\n\n\n\n<div class=\"wp-block-uagb-advanced-heading uagb-block-99caa631\"><h2 class=\"uagb-heading-text\"><strong>Valores<\/strong><\/h2><\/div>\n\n\n\n<p><\/p>\n\n\n\n<div class=\"wp-block-uagb-icon-list uagb-block-25bfbddf\"><div class=\"uagb-icon-list__wrap\">\n<div class=\"wp-block-uagb-icon-list-child uagb-block-b5b90234\"><span class=\"uagb-icon-list__source-wrap\"><svg xmlns=\"https:\/\/www.w3.org\/2000\/svg\" viewBox=\"0 0 512 512\"><path d=\"M256 0C114.6 0 0 114.6 0 256c0 141.4 114.6 256 256 256s256-114.6 256-256C512 114.6 397.4 0 256 0zM406.6 278.6l-103.1 103.1c-12.5 12.5-32.75 12.5-45.25 0s-12.5-32.75 0-45.25L306.8 288H128C110.3 288 96 273.7 96 256s14.31-32 32-32h178.8l-49.38-49.38c-12.5-12.5-12.5-32.75 0-45.25s32.75-12.5 45.25 0l103.1 103.1C414.6 241.3 416 251.1 416 256C416 260.9 414.6 270.7 406.6 278.6z\"><\/path><\/svg><\/span><span class=\"uagb-icon-list__label\"><strong>Compromiso:<\/strong> El compromiso es un valor que nos permite asumir la responsabilidad de lograr con \u00e9xito los objetivos de manera ardua.<\/span><\/div>\n\n\n\n<div class=\"wp-block-uagb-icon-list-child uagb-block-56fb3d57\"><span class=\"uagb-icon-list__source-wrap\"><svg xmlns=\"https:\/\/www.w3.org\/2000\/svg\" viewBox=\"0 0 512 512\"><path d=\"M256 0C114.6 0 0 114.6 0 256c0 141.4 114.6 256 256 256s256-114.6 256-256C512 114.6 397.4 0 256 0zM406.6 278.6l-103.1 103.1c-12.5 12.5-32.75 12.5-45.25 0s-12.5-32.75 0-45.25L306.8 288H128C110.3 288 96 273.7 96 256s14.31-32 32-32h178.8l-49.38-49.38c-12.5-12.5-12.5-32.75 0-45.25s32.75-12.5 45.25 0l103.1 103.1C414.6 241.3 416 251.1 416 256C416 260.9 414.6 270.7 406.6 278.6z\"><\/path><\/svg><\/span><span class=\"uagb-icon-list__label\"><strong>Honestidad:<\/strong> Utilizamos la honestidad como moral para entablar relaciones interpersonales basadas en la confianza, la sinceridad y el respeto mutuo entre agremiados.<\/span><\/div>\n\n\n\n<div class=\"wp-block-uagb-icon-list-child uagb-block-1d6db6d0\"><span class=\"uagb-icon-list__source-wrap\"><svg xmlns=\"https:\/\/www.w3.org\/2000\/svg\" viewBox=\"0 0 512 512\"><path d=\"M256 0C114.6 0 0 114.6 0 256c0 141.4 114.6 256 256 256s256-114.6 256-256C512 114.6 397.4 0 256 0zM406.6 278.6l-103.1 103.1c-12.5 12.5-32.75 12.5-45.25 0s-12.5-32.75 0-45.25L306.8 288H128C110.3 288 96 273.7 96 256s14.31-32 32-32h178.8l-49.38-49.38c-12.5-12.5-12.5-32.75 0-45.25s32.75-12.5 45.25 0l103.1 103.1C414.6 241.3 416 251.1 416 256C416 260.9 414.6 270.7 406.6 278.6z\"><\/path><\/svg><\/span><span class=\"uagb-icon-list__label\"><strong>Responsabilidad:<\/strong> Recurrimos a la responsabilidad para el cumplimiento de obligaciones que cada agremiado contrae de acuerdo a su \u00e1rea laboral.<\/span><\/div>\n\n\n\n<div class=\"wp-block-uagb-icon-list-child uagb-block-91456ac0\"><span class=\"uagb-icon-list__source-wrap\"><svg xmlns=\"https:\/\/www.w3.org\/2000\/svg\" viewBox=\"0 0 512 512\"><path d=\"M256 0C114.6 0 0 114.6 0 256c0 141.4 114.6 256 256 256s256-114.6 256-256C512 114.6 397.4 0 256 0zM406.6 278.6l-103.1 103.1c-12.5 12.5-32.75 12.5-45.25 0s-12.5-32.75 0-45.25L306.8 288H128C110.3 288 96 273.7 96 256s14.31-32 32-32h178.8l-49.38-49.38c-12.5-12.5-12.5-32.75 0-45.25s32.75-12.5 45.25 0l103.1 103.1C414.6 241.3 416 251.1 416 256C416 260.9 414.6 270.7 406.6 278.6z\"><\/path><\/svg><\/span><span class=\"uagb-icon-list__label\"><strong>Liderazgo:<\/strong> El liderazgo es un valor que utilizamos para tener la capacidad de orientar a otros trabajadores al sentido y prop\u00f3sito del SETDITSX.<\/span><\/div>\n\n\n\n<div class=\"wp-block-uagb-icon-list-child uagb-block-0eebc8b3\"><span class=\"uagb-icon-list__source-wrap\"><svg xmlns=\"https:\/\/www.w3.org\/2000\/svg\" viewBox=\"0 0 512 512\"><path d=\"M256 0C114.6 0 0 114.6 0 256c0 141.4 114.6 256 256 256s256-114.6 256-256C512 114.6 397.4 0 256 0zM406.6 278.6l-103.1 103.1c-12.5 12.5-32.75 12.5-45.25 0s-12.5-32.75 0-45.25L306.8 288H128C110.3 288 96 273.7 96 256s14.31-32 32-32h178.8l-49.38-49.38c-12.5-12.5-12.5-32.75 0-45.25s32.75-12.5 45.25 0l103.1 103.1C414.6 241.3 416 251.1 416 256C416 260.9 414.6 270.7 406.6 278.6z\"><\/path><\/svg><\/span><span class=\"uagb-icon-list__label\"><strong>Coherencia:<\/strong> Utilizamos la moral en todas las tomas de decisiones<\/span><\/div>\n\n\n\n<div class=\"wp-block-uagb-icon-list-child uagb-block-ff2859cf\"><span class=\"uagb-icon-list__source-wrap\"><svg xmlns=\"https:\/\/www.w3.org\/2000\/svg\" viewBox=\"0 0 512 512\"><path d=\"M256 0C114.6 0 0 114.6 0 256c0 141.4 114.6 256 256 256s256-114.6 256-256C512 114.6 397.4 0 256 0zM406.6 278.6l-103.1 103.1c-12.5 12.5-32.75 12.5-45.25 0s-12.5-32.75 0-45.25L306.8 288H128C110.3 288 96 273.7 96 256s14.31-32 32-32h178.8l-49.38-49.38c-12.5-12.5-12.5-32.75 0-45.25s32.75-12.5 45.25 0l103.1 103.1C414.6 241.3 416 251.1 416 256C416 260.9 414.6 270.7 406.6 278.6z\"><\/path><\/svg><\/span><span class=\"uagb-icon-list__label\"><strong>Equidad:<\/strong> Recurrimos a la equidad para la transformaci\u00f3n estructural institucional, permitiendo la contribuci\u00f3n equitativa de trabajadores en todos los espacios de toma de decisiones.<\/span><\/div>\n\n\n\n<div class=\"wp-block-uagb-icon-list-child uagb-block-5d8b1126\"><span class=\"uagb-icon-list__source-wrap\"><svg xmlns=\"https:\/\/www.w3.org\/2000\/svg\" viewBox=\"0 0 512 512\"><path d=\"M256 0C114.6 0 0 114.6 0 256c0 141.4 114.6 256 256 256s256-114.6 256-256C512 114.6 397.4 0 256 0zM406.6 278.6l-103.1 103.1c-12.5 12.5-32.75 12.5-45.25 0s-12.5-32.75 0-45.25L306.8 288H128C110.3 288 96 273.7 96 256s14.31-32 32-32h178.8l-49.38-49.38c-12.5-12.5-12.5-32.75 0-45.25s32.75-12.5 45.25 0l103.1 103.1C414.6 241.3 416 251.1 416 256C416 260.9 414.6 270.7 406.6 278.6z\"><\/path><\/svg><\/span><span class=\"uagb-icon-list__label\"><strong>Respeto y Tolerancia:<\/strong> Vamos con respeto y tolerancia hacia todos los agremiados para crear un ambiente de cordialidad, seguridad y armon\u00eda.<\/span><\/div>\n\n\n\n<div class=\"wp-block-uagb-icon-list-child uagb-block-a540b4ad\"><span class=\"uagb-icon-list__source-wrap\"><svg xmlns=\"https:\/\/www.w3.org\/2000\/svg\" viewBox=\"0 0 512 512\"><path d=\"M256 0C114.6 0 0 114.6 0 256c0 141.4 114.6 256 256 256s256-114.6 256-256C512 114.6 397.4 0 256 0zM406.6 278.6l-103.1 103.1c-12.5 12.5-32.75 12.5-45.25 0s-12.5-32.75 0-45.25L306.8 288H128C110.3 288 96 273.7 96 256s14.31-32 32-32h178.8l-49.38-49.38c-12.5-12.5-12.5-32.75 0-45.25s32.75-12.5 45.25 0l103.1 103.1C414.6 241.3 416 251.1 416 256C416 260.9 414.6 270.7 406.6 278.6z\"><\/path><\/svg><\/span><span class=\"uagb-icon-list__label\"><strong>Esp\u00edritu de Equipo: <\/strong>Utilizamos este valor para resaltar la cooperaci\u00f3n entre compa\u00f1eros, instaurando un equipo de trabajo consciente y leal.<\/span><\/div>\n<\/div><\/div>\n\n\n\n<div class=\"wp-block-uagb-separator uagb-block-c7c63a00\"><div class=\"wp-block-uagb-separator__inner\" style=\"--my-background-image:\"><\/div><\/div>\n","protected":false},"excerpt":{"rendered":"<p>HISTORIA El Instituto tecnol\u00f3gico Superior de Xalapa (ITSX) abri\u00f3 sus puertas el 03 de noviembre de 1998. El 17 octubre de 2003 se cre\u00f3 El Sindicato de Empleados, Trabajadores y Docentes del Instituto Tecnol\u00f3gico Superior de Xalapa (SETDITSX), antes de eso, los docentes y trabajadores del instituto (IT) obten\u00edan trabajo por medio de contratos por [&hellip;]<\/p>\n","protected":false},"author":1,"featured_media":0,"parent":0,"menu_order":0,"comment_status":"closed","ping_status":"closed","template":"","meta":{"_uag_custom_page_level_css":"","site-sidebar-layout":"default","site-content-layout":"","ast-site-content-layout":"default","site-content-style":"default","site-sidebar-style":"default","ast-global-header-display":"","ast-banner-title-visibility":"","ast-main-header-display":"","ast-hfb-above-header-display":"","ast-hfb-below-header-display":"","ast-hfb-mobile-header-display":"","site-post-title":"disabled","ast-breadcrumbs-content":"","ast-featured-img":"","footer-sml-layout":"","theme-transparent-header-meta":"","adv-header-id-meta":"","stick-header-meta":"","header-above-stick-meta":"","header-main-stick-meta":"","header-below-stick-meta":"","astra-migrate-meta-layouts":"set","ast-page-background-enabled":"default","ast-page-background-meta":{"desktop":{"background-color":"var(--ast-global-color-4)","background-image":"","background-repeat":"repeat","background-position":"center center","background-size":"auto","background-attachment":"scroll","background-type":"","background-media":"","overlay-type":"","overlay-color":"","overlay-opacity":"","overlay-gradient":""},"tablet":{"background-color":"","background-image":"","background-repeat":"repeat","background-position":"center center","background-size":"auto","background-attachment":"scroll","background-type":"","background-media":"","overlay-type":"","overlay-color":"","overlay-opacity":"","overlay-gradient":""},"mobile":{"background-color":"","background-image":"","background-repeat":"repeat","background-position":"center center","background-size":"auto","background-attachment":"scroll","background-type":"","background-media":"","overlay-type":"","overlay-color":"","overlay-opacity":"","overlay-gradient":""}},"ast-content-background-meta":{"desktop":{"background-color":"var(--ast-global-color-5)","background-image":"","background-repeat":"repeat","background-position":"center center","background-size":"auto","background-attachment":"scroll","background-type":"","background-media":"","overlay-type":"","overlay-color":"","overlay-opacity":"","overlay-gradient":""},"tablet":{"background-color":"var(--ast-global-color-5)","background-image":"","background-repeat":"repeat","background-position":"center center","background-size":"auto","background-attachment":"scroll","background-type":"","background-media":"","overlay-type":"","overlay-color":"","overlay-opacity":"","overlay-gradient":""},"mobile":{"background-color":"var(--ast-global-color-5)","background-image":"","background-repeat":"repeat","background-position":"center center","background-size":"auto","background-attachment":"scroll","background-type":"","background-media":"","overlay-type":"","overlay-color":"","overlay-opacity":"","overlay-gradient":""}},"footnotes":""},"class_list":["post-932","page","type-page","status-publish","hentry"],"yoast_head":"<!-- This site is optimized with the Yoast SEO plugin v25.9 - https:\/\/yoast.com\/wordpress\/plugins\/seo\/ -->\n<title>Qui\u00e9nes Somos<\/title>\n<meta name=\"robots\" content=\"index, follow, max-snippet:-1, max-image-preview:large, max-video-preview:-1\" \/>\n<link rel=\"canonical\" href=\"https:\/\/setditsx.com.mx\/index.php\/quienes-somos\/\" \/>\n<meta property=\"og:locale\" content=\"es_ES\" \/>\n<meta property=\"og:type\" content=\"article\" \/>\n<meta property=\"og:title\" content=\"Qui\u00e9nes Somos\" \/>\n<meta property=\"og:description\" content=\"HISTORIA El Instituto tecnol\u00f3gico Superior de Xalapa (ITSX) abri\u00f3 sus puertas el 03 de noviembre de 1998. El 17 octubre de 2003 se cre\u00f3 El Sindicato de Empleados, Trabajadores y Docentes del Instituto Tecnol\u00f3gico Superior de Xalapa (SETDITSX), antes de eso, los docentes y trabajadores del instituto (IT) obten\u00edan trabajo por medio de contratos por [&hellip;]\" \/>\n<meta property=\"og:url\" content=\"https:\/\/setditsx.com.mx\/index.php\/quienes-somos\/\" \/>\n<meta property=\"og:site_name\" content=\"SETDITSX\" \/>\n<meta property=\"article:publisher\" content=\"https:\/\/www.facebook.com\/setditsx\" \/>\n<meta property=\"article:modified_time\" content=\"2023-10-09T02:57:09+00:00\" \/>\n<meta name=\"twitter:card\" content=\"summary_large_image\" \/>\n<meta name=\"twitter:label1\" content=\"Tiempo de lectura\" \/>\n\t<meta name=\"twitter:data1\" content=\"2 minutos\" \/>\n<script type=\"application\/ld+json\" class=\"yoast-schema-graph\">{\"@context\":\"https:\/\/schema.org\",\"@graph\":[{\"@type\":\"WebPage\",\"@id\":\"https:\/\/setditsx.com.mx\/index.php\/quienes-somos\/\",\"url\":\"https:\/\/setditsx.com.mx\/index.php\/quienes-somos\/\",\"name\":\"Qui\u00e9nes Somos\",\"isPartOf\":{\"@id\":\"https:\/\/setditsx.com.mx\/#website\"},\"datePublished\":\"2023-09-26T18:17:06+00:00\",\"dateModified\":\"2023-10-09T02:57:09+00:00\",\"breadcrumb\":{\"@id\":\"https:\/\/setditsx.com.mx\/index.php\/quienes-somos\/#breadcrumb\"},\"inLanguage\":\"es\",\"potentialAction\":[{\"@type\":\"ReadAction\",\"target\":[\"https:\/\/setditsx.com.mx\/index.php\/quienes-somos\/\"]}]},{\"@type\":\"BreadcrumbList\",\"@id\":\"https:\/\/setditsx.com.mx\/index.php\/quienes-somos\/#breadcrumb\",\"itemListElement\":[{\"@type\":\"ListItem\",\"position\":1,\"name\":\"Portada\",\"item\":\"https:\/\/setditsx.com.mx\/\"},{\"@type\":\"ListItem\",\"position\":2,\"name\":\"Qui\u00e9nes Somos\"}]},{\"@type\":\"WebSite\",\"@id\":\"https:\/\/setditsx.com.mx\/#website\",\"url\":\"https:\/\/setditsx.com.mx\/\",\"name\":\"SETDITSX\",\"description\":\"\",\"publisher\":{\"@id\":\"https:\/\/setditsx.com.mx\/#organization\"},\"potentialAction\":[{\"@type\":\"SearchAction\",\"target\":{\"@type\":\"EntryPoint\",\"urlTemplate\":\"https:\/\/setditsx.com.mx\/?s={search_term_string}\"},\"query-input\":{\"@type\":\"PropertyValueSpecification\",\"valueRequired\":true,\"valueName\":\"search_term_string\"}}],\"inLanguage\":\"es\"},{\"@type\":\"Organization\",\"@id\":\"https:\/\/setditsx.com.mx\/#organization\",\"name\":\"SETDITSX\",\"url\":\"https:\/\/setditsx.com.mx\/\",\"logo\":{\"@type\":\"ImageObject\",\"inLanguage\":\"es\",\"@id\":\"https:\/\/setditsx.com.mx\/#\/schema\/logo\/image\/\",\"url\":\"https:\/\/setditsx.com.mx\/wp-content\/uploads\/2023\/09\/1.png\",\"contentUrl\":\"https:\/\/setditsx.com.mx\/wp-content\/uploads\/2023\/09\/1.png\",\"width\":500,\"height\":200,\"caption\":\"SETDITSX\"},\"image\":{\"@id\":\"https:\/\/setditsx.com.mx\/#\/schema\/logo\/image\/\"},\"sameAs\":[\"https:\/\/www.facebook.com\/setditsx\",\"https:\/\/www.instagram.com\/setditsx\/\"]}]}<\/script>\n<!-- \/ Yoast SEO plugin. -->","yoast_head_json":{"title":"Qui\u00e9nes Somos","robots":{"index":"index","follow":"follow","max-snippet":"max-snippet:-1","max-image-preview":"max-image-preview:large","max-video-preview":"max-video-preview:-1"},"canonical":"https:\/\/setditsx.com.mx\/index.php\/quienes-somos\/","og_locale":"es_ES","og_type":"article","og_title":"Qui\u00e9nes Somos","og_description":"HISTORIA El Instituto tecnol\u00f3gico Superior de Xalapa (ITSX) abri\u00f3 sus puertas el 03 de noviembre de 1998. El 17 octubre de 2003 se cre\u00f3 El Sindicato de Empleados, Trabajadores y Docentes del Instituto Tecnol\u00f3gico Superior de Xalapa (SETDITSX), antes de eso, los docentes y trabajadores del instituto (IT) obten\u00edan trabajo por medio de contratos por [&hellip;]","og_url":"https:\/\/setditsx.com.mx\/index.php\/quienes-somos\/","og_site_name":"SETDITSX","article_publisher":"https:\/\/www.facebook.com\/setditsx","article_modified_time":"2023-10-09T02:57:09+00:00","twitter_card":"summary_large_image","twitter_misc":{"Tiempo de lectura":"2 minutos"},"schema":{"@context":"https:\/\/schema.org","@graph":[{"@type":"WebPage","@id":"https:\/\/setditsx.com.mx\/index.php\/quienes-somos\/","url":"https:\/\/setditsx.com.mx\/index.php\/quienes-somos\/","name":"Qui\u00e9nes Somos","isPartOf":{"@id":"https:\/\/setditsx.com.mx\/#website"},"datePublished":"2023-09-26T18:17:06+00:00","dateModified":"2023-10-09T02:57:09+00:00","breadcrumb":{"@id":"https:\/\/setditsx.com.mx\/index.php\/quienes-somos\/#breadcrumb"},"inLanguage":"es","potentialAction":[{"@type":"ReadAction","target":["https:\/\/setditsx.com.mx\/index.php\/quienes-somos\/"]}]},{"@type":"BreadcrumbList","@id":"https:\/\/setditsx.com.mx\/index.php\/quienes-somos\/#breadcrumb","itemListElement":[{"@type":"ListItem","position":1,"name":"Portada","item":"https:\/\/setditsx.com.mx\/"},{"@type":"ListItem","position":2,"name":"Qui\u00e9nes Somos"}]},{"@type":"WebSite","@id":"https:\/\/setditsx.com.mx\/#website","url":"https:\/\/setditsx.com.mx\/","name":"SETDITSX","description":"","publisher":{"@id":"https:\/\/setditsx.com.mx\/#organization"},"potentialAction":[{"@type":"SearchAction","target":{"@type":"EntryPoint","urlTemplate":"https:\/\/setditsx.com.mx\/?s={search_term_string}"},"query-input":{"@type":"PropertyValueSpecification","valueRequired":true,"valueName":"search_term_string"}}],"inLanguage":"es"},{"@type":"Organization","@id":"https:\/\/setditsx.com.mx\/#organization","name":"SETDITSX","url":"https:\/\/setditsx.com.mx\/","logo":{"@type":"ImageObject","inLanguage":"es","@id":"https:\/\/setditsx.com.mx\/#\/schema\/logo\/image\/","url":"https:\/\/setditsx.com.mx\/wp-content\/uploads\/2023\/09\/1.png","contentUrl":"https:\/\/setditsx.com.mx\/wp-content\/uploads\/2023\/09\/1.png","width":500,"height":200,"caption":"SETDITSX"},"image":{"@id":"https:\/\/setditsx.com.mx\/#\/schema\/logo\/image\/"},"sameAs":["https:\/\/www.facebook.com\/setditsx","https:\/\/www.instagram.com\/setditsx\/"]}]}},"uagb_featured_image_src":{"full":false,"thumbnail":false,"medium":false,"medium_large":false,"large":false,"1536x1536":false,"2048x2048":false},"uagb_author_info":{"display_name":"admin","author_link":"https:\/\/setditsx.com.mx\/index.php\/author\/felipe\/"},"uagb_comment_info":0,"uagb_excerpt":"HISTORIA El Instituto tecnol\u00f3gico Superior de Xalapa (ITSX) abri\u00f3 sus puertas el 03 de noviembre de 1998. El 17 octubre de 2003 se cre\u00f3 El Sindicato de Empleados, Trabajadores y Docentes del Instituto Tecnol\u00f3gico Superior de Xalapa (SETDITSX), antes de eso, los docentes y trabajadores del instituto (IT) obten\u00edan trabajo por medio de contratos por&hellip;","_links":{"self":[{"href":"https:\/\/setditsx.com.mx\/index.php\/wp-json\/wp\/v2\/pages\/932","targetHints":{"allow":["GET"]}}],"collection":[{"href":"https:\/\/setditsx.com.mx\/index.php\/wp-json\/wp\/v2\/pages"}],"about":[{"href":"https:\/\/setditsx.com.mx\/index.php\/wp-json\/wp\/v2\/types\/page"}],"author":[{"embeddable":true,"href":"https:\/\/setditsx.com.mx\/index.php\/wp-json\/wp\/v2\/users\/1"}],"replies":[{"embeddable":true,"href":"https:\/\/setditsx.com.mx\/index.php\/wp-json\/wp\/v2\/comments?post=932"}],"version-history":[{"count":18,"href":"https:\/\/setditsx.com.mx\/index.php\/wp-json\/wp\/v2\/pages\/932\/revisions"}],"predecessor-version":[{"id":1129,"href":"https:\/\/setditsx.com.mx\/index.php\/wp-json\/wp\/v2\/pages\/932\/revisions\/1129"}],"wp:attachment":[{"href":"https:\/\/setditsx.com.mx\/index.php\/wp-json\/wp\/v2\/media?parent=932"}],"curies":[{"name":"wp","href":"https:\/\/api.w.org\/{rel}","templated":true}]}}