{"id":78,"date":"2022-10-17T07:03:13","date_gmt":"2022-10-17T07:03:13","guid":{"rendered":"https:\/\/setditsx.com.mx\/index.php\/home\/"},"modified":"2023-11-20T04:08:47","modified_gmt":"2023-11-20T04:08:47","slug":"home","status":"publish","type":"page","link":"https:\/\/setditsx.com.mx\/","title":{"rendered":"Inicio"},"content":{"rendered":"\n<div class=\"wp-block-uagb-container uagb-block-f7e49fd3 alignfull uagb-is-root-container\"><div class=\"uagb-container-inner-blocks-wrap\">\n<div class=\"wp-block-cover alignfull is-light has-parallax\"><span aria-hidden=\"true\" class=\"wp-block-cover__background has-background-dim wp-block-cover__gradient-background has-background-gradient has-midnight-gradient-background\"><\/span><div role=\"img\" class=\"wp-block-cover__image-background wp-image-919 has-parallax\" style=\"background-position:50% 50%;background-image:url(https:\/\/setditsx.com.mx\/wp-content\/uploads\/2023\/09\/tec-e1695835770351.png)\"><\/div><div class=\"wp-block-cover__inner-container is-layout-flow wp-block-cover-is-layout-flow\">\n<p class=\"has-text-align-center has-large-font-size\" style=\"letter-spacing:3px;line-height:1.6\"><strong>Sindicato de Empleados, Trabajadores y Docentes del Instituto Tecnol\u00f3gico Superior de Xalapa<\/strong><\/p>\n<\/div><\/div>\n<\/div><\/div>\n\n\n\n<div class=\"wp-block-uagb-container uagb-block-7b054d8e alignfull uagb-is-root-container\"><div class=\"uagb-container-inner-blocks-wrap\">\n<div class=\"wp-block-uagb-container uagb-block-d5c6c3b5\">\n<div class=\"wp-block-uagb-info-box uagb-block-cccb7cf8 uagb-infobox__content-wrap  uagb-infobox-icon-above-title uagb-infobox-image-valign-top\"><div class=\"uagb-ifb-content\"><div class=\"uagb-ifb-image-content\"><img decoding=\"async\" src=\"https:\/\/setditsx.com.mx\/wp-content\/uploads\/2023\/11\/WhatsApp-Image-2023-11-09-at-9.52.44-PM-1-300x225.jpeg\" alt=\"\" width=\"\" height=\"0\" loading=\"lazy\"\/><\/div><div class=\"uagb-ifb-title-wrap\"><h4 class=\"uagb-ifb-title\">SNES impulsa homologaci\u00f3n entre los trabajadores descentralizados y federales<\/h4><\/div><p class=\"uagb-ifb-desc\">Gerardo Bola\u00f1os, secretario general del Sindicato Nacional, explic\u00f3 que hoy en d\u00eda hay una diferencia salarial entre los descentralizados y los federales, pese a que la labor y las condiciones son las mismas.<\/p><div class=\"uagb-ifb-button-wrapper wp-block-button\"><a href=\"https:\/\/www.masnoticias.mx\/sindicato-nacional-de-educacion-superior-impulsa-homologacion-entre-trabajadores-descentralizados-y-federales\/\" class=\"uagb-infobox-cta-link wp-block-button__link\" target=\"_blank\" rel=\"noopener noreferrer\" onclick=\"return true;\" alt=\"\"><span class=\"uagb-inline-editing\">Leer m\u00e1s<\/span><svg xmlns=\"https:\/\/www.w3.org\/2000\/svg\" viewBox=\"0 0 512 512\"><path d=\"M504.3 273.6l-112.1 104c-6.992 6.484-17.18 8.218-25.94 4.406c-8.758-3.812-14.42-12.45-14.42-21.1L351.9 288H32C14.33 288 .0002 273.7 .0002 255.1S14.33 224 32 224h319.9l0-72c0-9.547 5.66-18.19 14.42-22c8.754-3.809 18.95-2.075 25.94 4.41l112.1 104C514.6 247.9 514.6 264.1 504.3 273.6z\"><\/path><\/svg><\/a><\/div><\/div><\/div>\n<\/div>\n\n\n\n<div class=\"wp-block-uagb-container uagb-block-93d09dff\">\n<div class=\"wp-block-uagb-info-box uagb-block-26a5dabe uagb-infobox__content-wrap  uagb-infobox-icon-above-title uagb-infobox-image-valign-top\"><div class=\"uagb-ifb-content\"><div class=\"uagb-ifb-image-content\"><img decoding=\"async\" src=\"https:\/\/setditsx.com.mx\/wp-content\/uploads\/2023\/09\/post_8902486d-8be6-4356-a809-55774f13e4b9.jpeg\" alt=\"\" width=\"100\" height=\"58\" loading=\"lazy\"\/><\/div><div class=\"uagb-ifb-title-wrap\"><h4 class=\"uagb-ifb-title\">Aumento 2023 al salario<\/h4><\/div><p class=\"uagb-ifb-desc\">Aumento retroactivo de 8.2% promedio a docentes y trabajadores de la educaci\u00f3n, anuncia presidente<\/p><div class=\"uagb-ifb-button-wrapper wp-block-button\"><a href=\"https:\/\/www.gob.mx\/presidencia\/prensa\/aumento-retroactivo-de-8-2-promedio-a-docentes-y-trabajadores-de-la-educacion-anuncia-presidente?idiom=es\" class=\"uagb-infobox-cta-link wp-block-button__link\" target=\"_blank\" rel=\"noopener noreferrer\" onclick=\"return true;\" alt=\"\"><span class=\"uagb-inline-editing\">Leer m\u00e1s<\/span><svg xmlns=\"https:\/\/www.w3.org\/2000\/svg\" viewBox=\"0 0 512 512\"><path d=\"M504.3 273.6l-112.1 104c-6.992 6.484-17.18 8.218-25.94 4.406c-8.758-3.812-14.42-12.45-14.42-21.1L351.9 288H32C14.33 288 .0002 273.7 .0002 255.1S14.33 224 32 224h319.9l0-72c0-9.547 5.66-18.19 14.42-22c8.754-3.809 18.95-2.075 25.94 4.41l112.1 104C514.6 247.9 514.6 264.1 504.3 273.6z\"><\/path><\/svg><\/a><\/div><\/div><\/div>\n<\/div>\n\n\n\n<div class=\"wp-block-uagb-container uagb-block-d0de5011\">\n<div class=\"wp-block-uagb-info-box uagb-block-8d4266d1 uagb-infobox__content-wrap  uagb-infobox-icon-above-title uagb-infobox-image-valign-top\"><div class=\"uagb-ifb-content\"><div class=\"uagb-ifb-image-content\"><img decoding=\"async\" src=\"https:\/\/setditsx.com.mx\/wp-content\/uploads\/2023\/09\/SNES-Menus.002-1024x576-1.png\" alt=\"\" width=\"100\" height=\"56\" loading=\"lazy\"\/><\/div><div class=\"uagb-ifb-title-wrap\"><h4 class=\"uagb-ifb-title\">Sindicato Nacional<\/h4><\/div><p class=\"uagb-ifb-desc\">El SNES demanda al gobierno federal la homologaci\u00f3n de salarios para los trabajadores de los sindicatos descentralizados.<\/p><div class=\"uagb-ifb-button-wrapper wp-block-button\"><a href=\"https:\/\/snes.com.mx\/homologacion\/\" class=\"uagb-infobox-cta-link wp-block-button__link\" target=\"_blank\" rel=\"noopener noreferrer\" onclick=\"return true;\" alt=\"\"><span class=\"uagb-inline-editing\">Leer m\u00e1s<\/span><svg xmlns=\"https:\/\/www.w3.org\/2000\/svg\" viewBox=\"0 0 512 512\"><path d=\"M504.3 273.6l-112.1 104c-6.992 6.484-17.18 8.218-25.94 4.406c-8.758-3.812-14.42-12.45-14.42-21.1L351.9 288H32C14.33 288 .0002 273.7 .0002 255.1S14.33 224 32 224h319.9l0-72c0-9.547 5.66-18.19 14.42-22c8.754-3.809 18.95-2.075 25.94 4.41l112.1 104C514.6 247.9 514.6 264.1 504.3 273.6z\"><\/path><\/svg><\/a><\/div><\/div><\/div>\n<\/div>\n<\/div><\/div>\n\n\n\n<div class=\"wp-block-uagb-container uagb-block-c8a01c6e alignfull uagb-is-root-container\"><div class=\"uagb-container-inner-blocks-wrap\">\n<div class=\"wp-block-uagb-container uagb-block-d2a76066\">\n<div class=\"wp-block-uagb-info-box uagb-block-904455ed uagb-infobox__content-wrap  uagb-infobox-icon-above-title uagb-infobox-image-valign-top\"><div class=\"uagb-ifb-content\"><div class=\"uagb-ifb-title-wrap\"><h2 class=\"uagb-ifb-title\">Nosotros<\/h2><\/div><p class=\"uagb-ifb-desc\">&nbsp;<br>SETDITSX se constituy\u00f3 por la necesidad de que los trabajadores y docentes del instituto tuvieran una estabilidad y seguridad laboral que procurara el bien com\u00fan de los agremiados a trav\u00e9s de un contrato colectivo de trabajo vigente con el objetivo de defender los derechos laborales, sociales, econ\u00f3micos y profesionales de cada uno de los integrantes del sindicato, as\u00ed tambi\u00e9n, pugnar por el fortalecimiento del Sistema Educativo Tecnol\u00f3gico Nacional.<\/p><div class=\"uagb-ifb-button-wrapper wp-block-button\"><a href=\"https:\/\/setditsx.com.mx\/index.php\/quienes-somos\/\" class=\"uagb-infobox-cta-link wp-block-button__link\" target=\"_self\" rel=\"noopener noreferrer\" onclick=\"return true;\" alt=\"\"><span class=\"uagb-inline-editing\">Leer m\u00e1s<\/span><svg xmlns=\"https:\/\/www.w3.org\/2000\/svg\" viewBox=\"0 0 512 512\"><path d=\"M504.3 273.6l-112.1 104c-6.992 6.484-17.18 8.218-25.94 4.406c-8.758-3.812-14.42-12.45-14.42-21.1L351.9 288H32C14.33 288 .0002 273.7 .0002 255.1S14.33 224 32 224h319.9l0-72c0-9.547 5.66-18.19 14.42-22c8.754-3.809 18.95-2.075 25.94 4.41l112.1 104C514.6 247.9 514.6 264.1 504.3 273.6z\"><\/path><\/svg><\/a><\/div><\/div><\/div>\n<\/div>\n\n\n\n<div class=\"wp-block-uagb-container uagb-block-f96bd569\">\n<div class=\"wp-block-uagb-image uagb-block-879b1f5c wp-block-uagb-image--layout-default wp-block-uagb-image--effect-static wp-block-uagb-image--align-none\"><figure class=\"wp-block-uagb-image__figure\"><img decoding=\"async\" srcset=\"https:\/\/setditsx.com.mx\/wp-content\/uploads\/2023\/09\/New_Logo.png ,https:\/\/setditsx.com.mx\/wp-content\/uploads\/2022\/10\/Our-Mission-min.jpg 780w, https:\/\/setditsx.com.mx\/wp-content\/uploads\/2022\/10\/Our-Mission-min.jpg 360w\" sizes=\"auto, (max-width: 480px) 150px\" src=\"https:\/\/setditsx.com.mx\/wp-content\/uploads\/2023\/09\/New_Logo.png\" alt=\"\" class=\"uag-image-981\" width=\"1236\" height=\"894\" title=\"\" loading=\"lazy\"\/><\/figure><\/div>\n<\/div>\n<\/div><\/div>\n\n\n\n<div class=\"wp-block-uagb-container uagb-block-ee8de704 alignfull uagb-is-root-container\"><div class=\"uagb-container-inner-blocks-wrap\"><\/div><\/div>\n\n\n\n<div class=\"wp-block-uagb-container uagb-block-abd17819 alignfull uagb-is-root-container\"><div class=\"uagb-container-inner-blocks-wrap\"><\/div><\/div>\n","protected":false},"excerpt":{"rendered":"","protected":false},"author":1,"featured_media":0,"parent":0,"menu_order":0,"comment_status":"closed","ping_status":"closed","template":"","meta":{"_uag_custom_page_level_css":"","site-sidebar-layout":"default","site-content-layout":"page-builder","ast-site-content-layout":"default","site-content-style":"unboxed","site-sidebar-style":"unboxed","ast-global-header-display":"","ast-banner-title-visibility":"","ast-main-header-display":"","ast-hfb-above-header-display":"","ast-hfb-below-header-display":"","ast-hfb-mobile-header-display":"","site-post-title":"disabled","ast-breadcrumbs-content":"","ast-featured-img":"disabled","footer-sml-layout":"","theme-transparent-header-meta":"disabled","adv-header-id-meta":"","stick-header-meta":"","header-above-stick-meta":"","header-main-stick-meta":"","header-below-stick-meta":"","astra-migrate-meta-layouts":"set","ast-page-background-enabled":"default","ast-page-background-meta":{"desktop":{"background-color":"var(--ast-global-color-4)","background-image":"","background-repeat":"repeat","background-position":"center center","background-size":"auto","background-attachment":"scroll","background-type":"","background-media":"","overlay-type":"","overlay-color":"","overlay-opacity":"","overlay-gradient":""},"tablet":{"background-color":"","background-image":"","background-repeat":"repeat","background-position":"center center","background-size":"auto","background-attachment":"scroll","background-type":"","background-media":"","overlay-type":"","overlay-color":"","overlay-opacity":"","overlay-gradient":""},"mobile":{"background-color":"","background-image":"","background-repeat":"repeat","background-position":"center center","background-size":"auto","background-attachment":"scroll","background-type":"","background-media":"","overlay-type":"","overlay-color":"","overlay-opacity":"","overlay-gradient":""}},"ast-content-background-meta":{"desktop":{"background-color":"var(--ast-global-color-5)","background-image":"","background-repeat":"repeat","background-position":"center center","background-size":"auto","background-attachment":"scroll","background-type":"","background-media":"","overlay-type":"","overlay-color":"","overlay-opacity":"","overlay-gradient":""},"tablet":{"background-color":"var(--ast-global-color-5)","background-image":"","background-repeat":"repeat","background-position":"center center","background-size":"auto","background-attachment":"scroll","background-type":"","background-media":"","overlay-type":"","overlay-color":"","overlay-opacity":"","overlay-gradient":""},"mobile":{"background-color":"var(--ast-global-color-5)","background-image":"","background-repeat":"repeat","background-position":"center center","background-size":"auto","background-attachment":"scroll","background-type":"","background-media":"","overlay-type":"","overlay-color":"","overlay-opacity":"","overlay-gradient":""}},"footnotes":""},"class_list":["post-78","page","type-page","status-publish","hentry"],"yoast_head":"<!-- This site is optimized with the Yoast SEO plugin v25.9 - https:\/\/yoast.com\/wordpress\/plugins\/seo\/ -->\n<title>Inicio<\/title>\n<meta name=\"robots\" content=\"index, follow, max-snippet:-1, max-image-preview:large, max-video-preview:-1\" \/>\n<link rel=\"canonical\" href=\"https:\/\/setditsx.com.mx\/\" \/>\n<meta property=\"og:locale\" content=\"es_ES\" \/>\n<meta property=\"og:type\" content=\"article\" \/>\n<meta property=\"og:title\" content=\"Inicio\" \/>\n<meta property=\"og:url\" content=\"https:\/\/setditsx.com.mx\/\" \/>\n<meta property=\"og:site_name\" content=\"SETDITSX\" \/>\n<meta property=\"article:publisher\" content=\"https:\/\/www.facebook.com\/setditsx\" \/>\n<meta property=\"article:modified_time\" content=\"2023-11-20T04:08:47+00:00\" \/>\n<meta property=\"og:image\" content=\"https:\/\/setditsx.com.mx\/wp-content\/uploads\/2023\/11\/WhatsApp-Image-2023-11-09-at-9.52.44-PM-1-300x225.jpeg\" \/>\n<meta name=\"twitter:card\" content=\"summary_large_image\" \/>\n<meta name=\"twitter:label1\" content=\"Tiempo de lectura\" \/>\n\t<meta name=\"twitter:data1\" content=\"2 minutos\" \/>\n<script type=\"application\/ld+json\" class=\"yoast-schema-graph\">{\"@context\":\"https:\/\/schema.org\",\"@graph\":[{\"@type\":\"WebPage\",\"@id\":\"https:\/\/setditsx.com.mx\/\",\"url\":\"https:\/\/setditsx.com.mx\/\",\"name\":\"Inicio\",\"isPartOf\":{\"@id\":\"https:\/\/setditsx.com.mx\/#website\"},\"primaryImageOfPage\":{\"@id\":\"https:\/\/setditsx.com.mx\/#primaryimage\"},\"image\":{\"@id\":\"https:\/\/setditsx.com.mx\/#primaryimage\"},\"thumbnailUrl\":\"https:\/\/setditsx.com.mx\/wp-content\/uploads\/2023\/11\/WhatsApp-Image-2023-11-09-at-9.52.44-PM-1-300x225.jpeg\",\"datePublished\":\"2022-10-17T07:03:13+00:00\",\"dateModified\":\"2023-11-20T04:08:47+00:00\",\"breadcrumb\":{\"@id\":\"https:\/\/setditsx.com.mx\/#breadcrumb\"},\"inLanguage\":\"es\",\"potentialAction\":[{\"@type\":\"ReadAction\",\"target\":[\"https:\/\/setditsx.com.mx\/\"]}]},{\"@type\":\"ImageObject\",\"inLanguage\":\"es\",\"@id\":\"https:\/\/setditsx.com.mx\/#primaryimage\",\"url\":\"https:\/\/setditsx.com.mx\/wp-content\/uploads\/2023\/11\/WhatsApp-Image-2023-11-09-at-9.52.44-PM-1-300x225.jpeg\",\"contentUrl\":\"https:\/\/setditsx.com.mx\/wp-content\/uploads\/2023\/11\/WhatsApp-Image-2023-11-09-at-9.52.44-PM-1-300x225.jpeg\"},{\"@type\":\"BreadcrumbList\",\"@id\":\"https:\/\/setditsx.com.mx\/#breadcrumb\",\"itemListElement\":[{\"@type\":\"ListItem\",\"position\":1,\"name\":\"Portada\",\"item\":\"https:\/\/setditsx.com.mx\/\"},{\"@type\":\"ListItem\",\"position\":2,\"name\":\"Inicio\"}]},{\"@type\":\"WebSite\",\"@id\":\"https:\/\/setditsx.com.mx\/#website\",\"url\":\"https:\/\/setditsx.com.mx\/\",\"name\":\"SETDITSX\",\"description\":\"\",\"publisher\":{\"@id\":\"https:\/\/setditsx.com.mx\/#organization\"},\"potentialAction\":[{\"@type\":\"SearchAction\",\"target\":{\"@type\":\"EntryPoint\",\"urlTemplate\":\"https:\/\/setditsx.com.mx\/?s={search_term_string}\"},\"query-input\":{\"@type\":\"PropertyValueSpecification\",\"valueRequired\":true,\"valueName\":\"search_term_string\"}}],\"inLanguage\":\"es\"},{\"@type\":\"Organization\",\"@id\":\"https:\/\/setditsx.com.mx\/#organization\",\"name\":\"SETDITSX\",\"url\":\"https:\/\/setditsx.com.mx\/\",\"logo\":{\"@type\":\"ImageObject\",\"inLanguage\":\"es\",\"@id\":\"https:\/\/setditsx.com.mx\/#\/schema\/logo\/image\/\",\"url\":\"https:\/\/setditsx.com.mx\/wp-content\/uploads\/2023\/09\/1.png\",\"contentUrl\":\"https:\/\/setditsx.com.mx\/wp-content\/uploads\/2023\/09\/1.png\",\"width\":500,\"height\":200,\"caption\":\"SETDITSX\"},\"image\":{\"@id\":\"https:\/\/setditsx.com.mx\/#\/schema\/logo\/image\/\"},\"sameAs\":[\"https:\/\/www.facebook.com\/setditsx\",\"https:\/\/www.instagram.com\/setditsx\/\"]}]}<\/script>\n<!-- \/ Yoast SEO plugin. -->","yoast_head_json":{"title":"Inicio","robots":{"index":"index","follow":"follow","max-snippet":"max-snippet:-1","max-image-preview":"max-image-preview:large","max-video-preview":"max-video-preview:-1"},"canonical":"https:\/\/setditsx.com.mx\/","og_locale":"es_ES","og_type":"article","og_title":"Inicio","og_url":"https:\/\/setditsx.com.mx\/","og_site_name":"SETDITSX","article_publisher":"https:\/\/www.facebook.com\/setditsx","article_modified_time":"2023-11-20T04:08:47+00:00","og_image":[{"url":"https:\/\/setditsx.com.mx\/wp-content\/uploads\/2023\/11\/WhatsApp-Image-2023-11-09-at-9.52.44-PM-1-300x225.jpeg","type":"","width":"","height":""}],"twitter_card":"summary_large_image","twitter_misc":{"Tiempo de lectura":"2 minutos"},"schema":{"@context":"https:\/\/schema.org","@graph":[{"@type":"WebPage","@id":"https:\/\/setditsx.com.mx\/","url":"https:\/\/setditsx.com.mx\/","name":"Inicio","isPartOf":{"@id":"https:\/\/setditsx.com.mx\/#website"},"primaryImageOfPage":{"@id":"https:\/\/setditsx.com.mx\/#primaryimage"},"image":{"@id":"https:\/\/setditsx.com.mx\/#primaryimage"},"thumbnailUrl":"https:\/\/setditsx.com.mx\/wp-content\/uploads\/2023\/11\/WhatsApp-Image-2023-11-09-at-9.52.44-PM-1-300x225.jpeg","datePublished":"2022-10-17T07:03:13+00:00","dateModified":"2023-11-20T04:08:47+00:00","breadcrumb":{"@id":"https:\/\/setditsx.com.mx\/#breadcrumb"},"inLanguage":"es","potentialAction":[{"@type":"ReadAction","target":["https:\/\/setditsx.com.mx\/"]}]},{"@type":"ImageObject","inLanguage":"es","@id":"https:\/\/setditsx.com.mx\/#primaryimage","url":"https:\/\/setditsx.com.mx\/wp-content\/uploads\/2023\/11\/WhatsApp-Image-2023-11-09-at-9.52.44-PM-1-300x225.jpeg","contentUrl":"https:\/\/setditsx.com.mx\/wp-content\/uploads\/2023\/11\/WhatsApp-Image-2023-11-09-at-9.52.44-PM-1-300x225.jpeg"},{"@type":"BreadcrumbList","@id":"https:\/\/setditsx.com.mx\/#breadcrumb","itemListElement":[{"@type":"ListItem","position":1,"name":"Portada","item":"https:\/\/setditsx.com.mx\/"},{"@type":"ListItem","position":2,"name":"Inicio"}]},{"@type":"WebSite","@id":"https:\/\/setditsx.com.mx\/#website","url":"https:\/\/setditsx.com.mx\/","name":"SETDITSX","description":"","publisher":{"@id":"https:\/\/setditsx.com.mx\/#organization"},"potentialAction":[{"@type":"SearchAction","target":{"@type":"EntryPoint","urlTemplate":"https:\/\/setditsx.com.mx\/?s={search_term_string}"},"query-input":{"@type":"PropertyValueSpecification","valueRequired":true,"valueName":"search_term_string"}}],"inLanguage":"es"},{"@type":"Organization","@id":"https:\/\/setditsx.com.mx\/#organization","name":"SETDITSX","url":"https:\/\/setditsx.com.mx\/","logo":{"@type":"ImageObject","inLanguage":"es","@id":"https:\/\/setditsx.com.mx\/#\/schema\/logo\/image\/","url":"https:\/\/setditsx.com.mx\/wp-content\/uploads\/2023\/09\/1.png","contentUrl":"https:\/\/setditsx.com.mx\/wp-content\/uploads\/2023\/09\/1.png","width":500,"height":200,"caption":"SETDITSX"},"image":{"@id":"https:\/\/setditsx.com.mx\/#\/schema\/logo\/image\/"},"sameAs":["https:\/\/www.facebook.com\/setditsx","https:\/\/www.instagram.com\/setditsx\/"]}]}},"uagb_featured_image_src":{"full":false,"thumbnail":false,"medium":false,"medium_large":false,"large":false,"1536x1536":false,"2048x2048":false},"uagb_author_info":{"display_name":"admin","author_link":"https:\/\/setditsx.com.mx\/index.php\/author\/felipe\/"},"uagb_comment_info":0,"uagb_excerpt":null,"_links":{"self":[{"href":"https:\/\/setditsx.com.mx\/index.php\/wp-json\/wp\/v2\/pages\/78","targetHints":{"allow":["GET"]}}],"collection":[{"href":"https:\/\/setditsx.com.mx\/index.php\/wp-json\/wp\/v2\/pages"}],"about":[{"href":"https:\/\/setditsx.com.mx\/index.php\/wp-json\/wp\/v2\/types\/page"}],"author":[{"embeddable":true,"href":"https:\/\/setditsx.com.mx\/index.php\/wp-json\/wp\/v2\/users\/1"}],"replies":[{"embeddable":true,"href":"https:\/\/setditsx.com.mx\/index.php\/wp-json\/wp\/v2\/comments?post=78"}],"version-history":[{"count":61,"href":"https:\/\/setditsx.com.mx\/index.php\/wp-json\/wp\/v2\/pages\/78\/revisions"}],"predecessor-version":[{"id":1141,"href":"https:\/\/setditsx.com.mx\/index.php\/wp-json\/wp\/v2\/pages\/78\/revisions\/1141"}],"wp:attachment":[{"href":"https:\/\/setditsx.com.mx\/index.php\/wp-json\/wp\/v2\/media?parent=78"}],"curies":[{"name":"wp","href":"https:\/\/api.w.org\/{rel}","templated":true}]}}